{"id":1935,"date":"2020-08-26T10:25:26","date_gmt":"2020-08-26T10:25:26","guid":{"rendered":"http:\/\/artretail.com\/?page_id=1935"},"modified":"2020-08-26T10:25:29","modified_gmt":"2020-08-26T10:25:29","slug":"aviso-legal","status":"publish","type":"page","link":"https:\/\/artretail.com\/en\/aviso-legal\/","title":{"rendered":"Aviso Legal"},"content":{"rendered":"<p>[et_pb_section fb_built=&#8221;1&#8243; admin_label=&#8221;section&#8221; _builder_version=&#8221;3.22&#8243;][et_pb_row admin_label=&#8221;row&#8221; _builder_version=&#8221;3.25&#8243; background_size=&#8221;initial&#8221; background_position=&#8221;top_left&#8221; background_repeat=&#8221;repeat&#8221;][et_pb_column type=&#8221;4_4&#8243; _builder_version=&#8221;3.25&#8243; custom_padding=&#8221;|||&#8221; custom_padding__hover=&#8221;|||&#8221;][et_pb_text admin_label=&#8221;Aviso Legal&#8221; _builder_version=&#8221;4.4.5&#8243; hover_enabled=&#8221;0&#8243;]<\/p>\n<h2 style=\"font-family: alegreya-sans-sc; text-align: center; font-weight: bold;\">LEGAL NOTICE<\/h2>\n<div style=\"font-family: alegreya-sans-sc; color: #000000;\"><span style=\"font-size: 12pt;\">In the present Legal Notice, the User will find all the information related with the legal terms<br \/>\nthat explain the relationships between the user and the responsible of the web, accesible at the URL direction  <strong><a target=\"_blank\" style=\"color: #000000;\" href=\"http:\/\/www.artretail.com\/\" rel=\"noopener noreferrer\">http:\/\/www.artretail.com\/<\/a><\/strong> (from here on out, the Website), that ARTRETAIL GESTI\u00d3N INTEGRAL S.L offers to all Internet users.<\/span><\/div>\n<p><\/br><\/p>\n<h3 style=\"font-family: alegreya-sans-sc; font-weight: bold;\">1.- INFORMATION ABOUT THE OWNER OF THE WEB SITE<\/h3>\n<div style=\"font-family: alegreya-sans-sc; font-size: 12pt; color: #000000;\"><span style=\"text-decoration: underline;\">Name of owner:<\/span> ARTRETAIL GESTI\u00d3N INTEGRAL SL<br \/>\n<span style=\"text-decoration: underline;\">Registered office:<\/span> C\/ Bertran 127 &#8211; 4\u00aa, 08023., Barcelona<br \/>\n<span style=\"text-decoration: underline;\">C.I.F.:<\/span> B66466939<br \/>\n<span style=\"text-decoration: underline;\">Telephone contact:<\/span> 931179678<br \/>\n<span style=\"text-decoration: underline;\">Email:<\/span> info@artretail.com<br \/>\nARTRETAIL GESTI\u00d3N INTEGRAL S.L is the responsible of the Website and promises to obey all national and european requirements that regulate the use of personal data of users. This website guarantees the protection and confidentiality of personal data provided by you, according to the EU 2016\/679 General Data Protection Regulation (GDPR), and the Organic Law 3\/2018, of Personal Data Protection and guarantee of digital rights, just as according to Law of Society Information\u2019s Services and Electronic Trades, 34\/2002 (LSSI-CE).<\/div>\n<p><\/br><\/p>\n<h3 style=\"font-family: alegreya-sans-sc; font-weight: bold;\">2.- OBJECT<\/h3>\n<div style=\"font-family: alegreya-sans-sc; font-size: 12pt; color: #000000;\">The Website ease the users the same access to information and services provided by ARTRETAIL GESTI\u00d3N INTEGRAL S.L The use of the Website implies the whole acceptance, without exceptions, of every single provision included in this legal notice. Consequently, the user of the Website must read carefully the legal notice every time he\/she visits the web site, because the text may suffer modifications, according to the will of the owner or according to a legislative, jurisprudential or company criteria change.<\/div>\n<p><\/br><\/p>\n<h3 style=\"font-family: alegreya-sans-sc; font-weight: bold;\">3.- ACCESS AND USE OF THE WEB<\/h3>\n<div style=\"font-family: alegreya-sans-sc; font-size: 12pt; color: #000000;\">3.1.- Free Access and use of the web. The access is free for all users, except in everything related to connection cost through net telecoms, supplied by the provider of the users.<br \/>\n3.2.- RUser\u2019s register. Generally, the access and use of the web does not require previously subscription or register of users<br \/>\n3.3.- Users guarantee and respond, in any case, of personal data\u2019s accuracy, validity and authenticity, and they compromise to keep it updated. The user accept to provide complete and correct information in the contact questionnaire.<br \/>\nIn case of children under thirteen years, it is required the consent of their parents or guardians for the treatment of their personal data. In any case won\u2019t be collected from the minors aspects such as professional and economic situation, or privacy of other members of their family, without the proper consent. If you are under thirteen and you have accessed this website without warning your parents, you must not register as user. In this website the user\u2019s personal data are carefully respected. As user, you must know that your rights are guaranteed.<\/div>\n<p><\/br><\/p>\n<h3 style=\"font-family: alegreya-sans-sc; font-weight: bold;\">4.- WEBSITE CONTENTS<\/h3>\n<div style=\"font-family: alegreya-sans-sc; font-size: 12pt; color: #000000;\">The language of the website will be english. ARTRETAIL GESTI\u00d3N INTEGRAL S.L does not take responsability of the incomprehension by the user, neither its consequences. ARTRETAIL GESTI\u00d3N INTEGRAL S.L could modify the contents without previous warning, just like delete or change them, not taking resposanbility of it. It is prohibited the use of website\u2019s contents for promoting, hiring or divulge advertising, or own and third parties information, without the authorisation of ARTRETAIL GESTI\u00d3N INTEGRAL S.L just like sending advertising or information using for that services offered by the website, regardless the use is free or not. Links and hyperlinks that third parties add in their websites, directed to our website, will be for the whole opening of it, not being able to express false statements, inaccurates or confusing againts ARTRETAIL GESTI\u00d3N INTEGRAL S.L <\/div>\n<p><\/br><\/p>\n<h3 style=\"font-family: alegreya-sans-sc; font-weight: bold;\">5.-  SECURITY MEASURES<\/h3>\n<div style=\"font-family: alegreya-sans-sc; font-size: 12pt; color: #000000;\">Personal data provided by the users could be stored in databases, computerized or not, which ownership belong exclusively to ARTRETAIL GESTI\u00d3N INTEGRAL S.L taking over all technical, organizational and security measures that guarantee confidentiality, integrity and quality of the information, according to all current regulations about personal data protection. <\/div>\n<p><\/br><\/p>\n<h3 style=\"font-family: alegreya-sans-sc; font-weight: bold;\">6.- LIMITATION OF LIABILITY<\/h3>\n<div style=\"font-family: alegreya-sans-sc; font-size: 12pt; color: #000000;\">Access to website, just like non consent use of information contained in it, will be exclusive responsability of the person that makes it. ARTRETAIL GESTI\u00d3N INTEGRAL S.L will not<br \/>\nrespond for any consequence, harm or damage that may occur derive from it. Equally, the company will not be responsible of security breaks that may occur, neither harms thay may occur on user\u2019s informatic system (hardware y software), or files and documents stored in it, as a consequence of:<br \/>\n&#8211; Presence of a virus in user\u2019s computer used to the connection for services and contents in the website.<br \/>\n&#8211; Malfunction of the browser<br \/>\n&#8211; and\/or use of non updated versions of it<br \/>\nARTRETAIL GESTI\u00d3N INTEGRAL S.L will not be responsible of reliability and speed of hyperlinks to other websites. ARTRETAIL GESTI\u00d3N INTEGRAL S.L does not guarantee the utility of the hyperlinks, and will not take responsability for the contents or services contained in them.<\/div>\n<p><\/br><\/p>\n<h3 style=\"font-family: alegreya-sans-sc; font-weight: bold;\">7.- USE OF COOKIES<\/h3>\n<div style=\"font-family: alegreya-sans-sc; font-size: 12pt; color: #000000;\">This website use cookies and other similar technologies, deeply explained in the Cookie Policy, accessible all the time, and respecting the confidentiality and privacy of the user, being a part of the present legal notice.<\/div>\n<p><\/br><\/p>\n<h3 style=\"font-family: alegreya-sans-sc; font-weight: bold;\">8.- NAVIGATION<\/h3>\n<div style=\"font-family: alegreya-sans-sc; font-size: 12pt; color: #000000;\">Internet\u2019s servers may collect non identifiable data, that may include IP addresses and other data, which can\u2019t be used to identify the user. Your IP address will be stored in automatic<br \/>\naccess logs, with the only purpose of allowing the Internet traffic, being neccesary that your system provides that address for the right communications. In the same way, that addres could be used to make anonymous statistics about the number of visitors of this website and their origin, in a transparent way for your navigation.<\/div>\n<p><\/br><\/p>\n<h3 style=\"font-family: alegreya-sans-sc; font-weight: bold;\">9.- INDUSTRIAL AND INTELLECTUAL PROPERTY<\/h3>\n<div style=\"font-family: alegreya-sans-sc; font-size: 12pt; color: #000000;\">User knows and accept that all contents and\/or other elements of the website are properties of ARTRETAIL GESTI\u00d3N INTEGRAL S.L, and commits to respect all industrial and intelectual rights, ownership of ARTRETAIL GESTI\u00d3N INTEGRAL S.L and\/or third parties. Any use of the website or its contents must have a personal nature. It is exclusively reserved to ARTRETAIL GESTI\u00d3N INTEGRAL S.L, any other use that suppose<br \/>\ncopy, duplicate, distribution, transformation, public communication or any other similar action of the whole or partial contents of the website, so any user could not attempt this actions without previous and written authorization of ARTRETAIL GESTI\u00d3N INTEGRAL S.L.<\/div>\n<p><\/br><\/p>\n<h3 style=\"font-family: alegreya-sans-sc; font-weight: bold;\">10.- APPLICABLE LEGISLATION AND COMPETENT JURISDICTION<\/h3>\n<div style=\"font-family: alegreya-sans-sc; font-size: 12pt; color: #000000;\">This legal notice will be interpreted and regulated by the spanish legislation. ARTRETAIL GESTI\u00d3N INTEGRAL S.L and the users accept to resolve controversies that may occur derive<br \/>\nof the use and access to the website, in the Courts and Tribunals of user\u2019s home. If the user has its home outside Spain, ARTRETAIL GESTI\u00d3N INTEGRAL S.L and the user will resolve the controversies in the Courts and Tribunals of Barcelona.<\/div>\n<p><\/br>[\/et_pb_text][\/et_pb_column][\/et_pb_row][\/et_pb_section]<\/p>\n","protected":false},"excerpt":{"rendered":"<p>LEGAL NOTICE In the present Legal Notice, the User will find all the information related with the legal terms that explain the relationships between the user and the responsible of the web, accesible at the URL direction http:\/\/www.artretail.com\/ (from here on out, the Website), that ARTRETAIL GESTI\u00d3N INTEGRAL S.L offers to all Internet users. 1.- [&hellip;]<\/p>\n","protected":false},"author":1,"featured_media":0,"parent":0,"menu_order":0,"comment_status":"closed","ping_status":"closed","template":"","meta":{"_et_pb_use_builder":"on","_et_pb_old_content":"[et_pb_section fb_built=\"1\" admin_label=\"section\" _builder_version=\"3.22\"][et_pb_row admin_label=\"row\" _builder_version=\"3.25\" background_size=\"initial\" background_position=\"top_left\" background_repeat=\"repeat\"][et_pb_column type=\"4_4\" _builder_version=\"3.25\" custom_padding=\"|||\" custom_padding__hover=\"|||\"][et_pb_text admin_label=\"Aviso Legal\" _builder_version=\"4.4.5\" hover_enabled=\"0\"]<h2 style=\"font-family: alegreya-sans-sc; text-align: center; font-weight: bold;\">AVISO LEGAL<\/h2>\r\n<div style=\"font-family: alegreya-sans-sc; color: #000000;\"><span style=\"font-size: 12pt;\">En el presente Aviso Legal, el Usuario, podr\u00e1 encontrar toda la informaci\u00f3n relativa a las condiciones legales que definen las relaciones entre los usuarios y el responsable de la p\u00e1gina web accesible en la direcci\u00f3n URL <strong><a target=\"_blank\" style=\"color: #000000;\" href=\"https:\/\/www.artretail.com\/\" rel=\"noopener noreferrer\">https:\/\/www.artretail.com\/<\/a><\/strong> (en adelante, el Sitio Web), que ARTRETAIL GESTI\u00d3N INTEGRAL SL pone a disposici\u00f3n de los usuarios de Internet. La utilizaci\u00f3n del sitio web implica la aceptaci\u00f3n plena y sin reservas de todas y cada una de las disposiciones incluidas en este Aviso Legal. En consecuencia, el usuario del sitio web debe leer atentamente el presente Aviso Legal en cada una de las ocasiones en que se proponga utilizar la web, ya que el texto podr\u00eda sufrir modificaciones a criterio del titular de la web, o a causa de un cambio legislativo, jurisprudencial o en la pr\u00e1ctica empresarial.<\/span><\/div><\/br>\r\n<h3 style=\"font-family: alegreya-sans-sc; font-weight: bold;\">1.- DATOS DEL RESPONSABLE TITULAR DEL SITIO WEB<\/h3>\r\n<div style=\"font-family: alegreya-sans-sc; font-size: 12pt; color: #000000;\"><span style=\"text-decoration: underline;\">Nombre del titular:<\/span> ARTRETAIL GESTI\u00d3N INTEGRAL SL\r\n<span style=\"text-decoration: underline;\">Domicilio social:<\/span> C\/ Bertran 127 - 4\u00aa, 08023., Barcelona\r\n<span style=\"text-decoration: underline;\">C.I.F.:<\/span> B66466939\r\n<span style=\"text-decoration: underline;\">Tel\u00e9fono de contacto:<\/span> 931179678\r\n<span style=\"text-decoration: underline;\">Correo electr\u00f3nico:<\/span> info@artretail.com\r\nARTRETAIL GESTI\u00d3N INTEGRAL SL es el responsable del Sitio Web y se compromete a cumplir con todos los requisitos nacionales y europeos que regulan el uso de los datos personales de los usuarios. Este Sitio Web garantiza la protecci\u00f3n y confidencialidad de los datos personales que nos proporcionen de acuerdo con lo dispuesto en el Reglamento General de Protecci\u00f3n de Datos de Car\u00e1cter Personal (UE) 2016\/679 del Parlamento Europeo y del Consejo, de 27 de abril de 2016, en la Ley Org\u00e1nica 3\/2018, de\r\nProtecci\u00f3n de Datos Personales y garant\u00eda de los derechos digitales, as\u00ed como en la Ley de Servicios de la Sociedad de la Informaci\u00f3n y Comercio Electr\u00f3nico 34\/2002 de 11 de Julio (LSSI-CE).<\/div><\/br>\r\n<h3 style=\"font-family: alegreya-sans-sc; font-weight: bold;\">2.- OBJETO<\/h3>\r\n<div style=\"font-family: alegreya-sans-sc; font-size: 12pt; color: #000000;\">El Sitio Web facilita a los usuarios del mismo el acceso a informaci\u00f3n y servicios prestados por ARTRETAIL GESTI\u00d3N INTEGRAL SL a aquellas personas u organizaciones interesadas en los mismos. El acceso y la utilizaci\u00f3n del Sitio Web atribuye la condici\u00f3n de usuario del Sitio Web (en adelante, el \u201cUsuario\u201d) e implica la aceptaci\u00f3n de todas las condiciones incluidas en este Aviso Legal as\u00ed como de sus modificaciones. La prestaci\u00f3n del servicio del Sitio Web tiene una duraci\u00f3n limitada al momento en el que\r\nel Usuario se encuentre conectado al Sitio Web o a alguno de los servicios que a trav\u00e9s del mismo se facilitan. Por tanto, el Usuario debe leer atentamente el presente Aviso Legal en cada una de las ocasiones en que se proponga utilizar el Sitio Web, ya que \u00e9ste y sus condiciones de uso recogidas en el presente Aviso Legal pueden sufrir modificaciones.<\/div><\/br>\r\n<h3 style=\"font-family: alegreya-sans-sc; font-weight: bold;\">3.- ACCESO Y UTILIZACI\u00d3N DE LA WEB<\/h3>\r\n<div style=\"font-family: alegreya-sans-sc; font-size: 12pt; color: #000000;\">3.1.- Car\u00e1cter gratuito del acceso y utilizaci\u00f3n de la web. El acceso a la web tiene car\u00e1cter gratuito para los usuarios de la misma, salvo en lo relativo al coste de la conexi\u00f3n a trav\u00e9s de la red de telecomunicaciones suministrada por el proveedor de acceso contratado por los usuarios.\r\n3.2.- Registro de usuarios. Con car\u00e1cter general el acceso y utilizaci\u00f3n de la web no exige la previa suscripci\u00f3n o registro de los usuarios de la misma.\r\n3.3.- Los usuarios garantizan y responden, en cualquier caso, de la exactitud, vigencia y autenticidad de los datos personales facilitados, y se comprometen a mantenerlos debidamente actualizados. El usuario acepta proporcionar informaci\u00f3n completa y correcta en el formulario de contacto o suscripci\u00f3n.\r\nEn el caso de los menores de catorce a\u00f1os se requiere el consentimiento de los padres o tutores para el tratamiento de sus datos personales. En ning\u00fan caso se recabar\u00e1n del menor de edad datos relativos a la situaci\u00f3n profesional, econ\u00f3mica o a\r\nla intimidad de los otros miembros de la familia, sin el consentimiento de \u00e9stos. Si eres menor de catorce a\u00f1os y has accedido a este sitio web sin avisar a tus padres no debes registrarte como usuario. En esta web se respetan y cuidan los datos personales de los usuarios. Como usuario debes saber que tus derechos est\u00e1n garantizados.<\/div><\/br>\r\n<h3 style=\"font-family: alegreya-sans-sc; font-weight: bold;\">4.- CONTENIDOS DE LA WEB<\/h3>\r\n<div style=\"font-family: alegreya-sans-sc; font-size: 12pt; color: #000000;\">El idioma utilizado por el titular en la web ser\u00e1 el castellano. ARTRETAIL GESTI\u00d3N INTEGRAL SL no se responsabiliza de la no comprensi\u00f3n o entendimiento del idioma de la web por el usuario, ni de sus consecuencias. ARTRETAIL GESTI\u00d3N INTEGRAL SL podr\u00e1 modificar los contenidos sin previo aviso, as\u00ed como suprimir y cambiar \u00e9stos dentro de la web, como la forma en que se accede a \u00e9stos, sin justificaci\u00f3n alguna y libremente, no responsabiliz\u00e1ndose de las consecuencias que los mismos puedan ocasionar a los usuarios. Se proh\u00edbe el uso de los contenidos de la web para promocionar, contratar o divulgar publicidad o informaci\u00f3n propia o de terceras personas sin la autorizaci\u00f3n de ARTRETAIL GESTI\u00d3N INTEGRAL SL, ni remitir publicidad o informaci\u00f3n vali\u00e9ndose para ello de los servicios o informaci\u00f3n que se ponen a disposici\u00f3n de los usuarios, independientemente de si la utilizaci\u00f3n es gratuita o no. Los enlaces o hiperenlaces que incorporen terceros en sus p\u00e1ginas web, dirigidos a esta web, ser\u00e1n para\r\nla apertura de la p\u00e1gina web completa, no pudiendo manifestar, directa o indirectamente, indicaciones falsas, inexactas o confusas, ni incurrir en acciones desleales o il\u00edcitas en contra de aquel.<\/div><\/br>\r\n<h3 style=\"font-family: alegreya-sans-sc; font-weight: bold;\">5.- MEDIDAS DE SEGURIDAD<\/h3>\r\n<div style=\"font-family: alegreya-sans-sc; font-size: 12pt; color: #000000;\">Los datos personales comunicados por el usuario podr\u00e1n ser almacenados en bases de datos automatizadas o no, cuya titularidad corresponde en exclusiva a ARTRETAIL GESTI\u00d3N INTEGRAL SL, asumiendo todas las medidas de \u00edndole t\u00e9cnica, organizativa y de seguridad que garanticen la confidencialidad, integridad y calidad de la informaci\u00f3n contenida en las mismas de acuerdo con lo establecido en las normativas vigentes en materia de protecci\u00f3n de datos de car\u00e1cter personal.<\/div><\/br>\r\n<h3 style=\"font-family: alegreya-sans-sc; font-weight: bold;\">6.- LIMITACI\u00d3N DE RESPONSABILIDAD<\/h3>\r\n<div style=\"font-family: alegreya-sans-sc; font-size: 12pt; color: #000000;\">Tanto el acceso a la web como el uso no consentido que pueda efectuarse de la informaci\u00f3n contenida en la misma es de la exclusiva responsabilidad de quien lo realiza. ARTRETAIL GESTI\u00d3N INTEGRAL SL no responder\u00e1 de ninguna consecuencia, da\u00f1o o perjuicio que pudieran derivarse de dicho acceso o uso. Tampoco se hace responsable de los errores de seguridad, que se puedan producir ni de los da\u00f1os que puedan causarse al sistema inform\u00e1tico del usuario (hardware y software), o a los ficheros o documentos almacenados en el mismo, como consecuencia de:\r\n- la presencia de un virus en el ordenador del usuario que sea utilizado para la conexi\u00f3n a los servicios y contenidos de la web.\r\n- un mal funcionamiento del navegador.\r\n- y\/o del uso de versiones no actualizadas del mismo.\r\nARTRETAIL GESTI\u00d3N INTEGRAL SL no se hace responsable de la fiabilidad y rapidez de los hiperenlaces que se incorporen en la web para la apertura de otras. Tampoco garantiza la utilidad de estos enlaces, ni se responsabiliza de los contenidos o servicios a los que pueda acceder el usuario por medio de estos enlaces, ni del buen funcionamiento de estas webs. ARTRETAIL GESTI\u00d3N INTEGRAL SL no ser\u00e1 responsable de los virus o dem\u00e1s programas inform\u00e1ticos que deterioren o puedan deteriorar los sistemas o equipos inform\u00e1ticos de los usuarios al acceder a su web u otras webs a las que se haya accedido mediante enlaces de esta web.<\/div><\/br>\r\n<h3 style=\"font-family: alegreya-sans-sc; font-weight: bold;\">7.- EMPLEO DE LA TECNOLOG\u00cdA \u201cCOOKIE\u201d<\/h3>\r\n<div style=\"font-family: alegreya-sans-sc; font-size: 12pt; color: #000000;\">El Sitio Web puede emplear cookies o tecnolog\u00edas similares que se regir\u00e1n por lo establecido en la <a href=\"#\" target=\"_blank\" rel=\"noopener noreferrer\">Pol\u00edtica de Cookies<\/a>, accesible en todo momento y respetando la confidencialidad e intimidad del usuario, siendo parte integrante del presente Aviso Legal.<\/div><\/br>\r\n<h3 style=\"font-family: alegreya-sans-sc; font-weight: bold;\">8.- NAVEGACI\u00d3N<\/h3>\r\n<div style=\"font-family: alegreya-sans-sc; font-size: 12pt; color: #000000;\">Los servidores de Internet pueden recoger datos no identificables, que puedan incluir, direcciones IP, y otros datos que no pueden ser utilizados para identificar al usuario. Su direcci\u00f3n IP se almacenar\u00e1 en los logs de acceso de forma autom\u00e1tica y con la \u00fanica finalidad de permitir el tr\u00e1nsito por Internet, siendo necesario que su equipo facilite esta direcci\u00f3n IP cuando navega por Internet para que las comunicaciones puedan realizarse. As\u00ed mismo, la direcci\u00f3n IP podr\u00e1 ser utilizada para realizar estad\u00edsticas, de manera anonimizada, sobre el n\u00famero de visitantes de esta web y su procedencia, de forma totalmente transparente a su navegaci\u00f3n.<\/div><\/br>\r\n<h3 style=\"font-family: alegreya-sans-sc; font-weight: bold;\">9.- PROPIEDAD INTELECTUAL E INDUSTRIAL<\/h3>\r\n<div style=\"font-family: alegreya-sans-sc; font-size: 12pt; color: #000000;\">El usuario conoce y acepta que todos los contenidos y\/o cualesquiera otros elementos del sitio web son propiedad de ARTRETAIL GESTI\u00d3N INTEGRAL SL, y se compromete a respetar los derechos de propiedad intelectual e industrial titularidad del mismo y\/o de terceros. Cualquier uso de la web o sus contenidos deber\u00e1 tener un car\u00e1cter exclusivamente particular Est\u00e1 reservado exclusivamente a ARTRETAIL GESTI\u00d3N INTEGRAL SL, cualquier otro uso que suponga la copia, reproducci\u00f3n, distribuci\u00f3n, transformaci\u00f3n, comunicaci\u00f3n p\u00fablica o cualquier otra acci\u00f3n similar, de todo o parte de los contenidos de la web, por lo que ning\u00fan usuario podr\u00e1 llevar a cabo estas acciones sin la autorizaci\u00f3n previa y por escrito de aquel.<\/div><\/br>\r\n<h3 style=\"font-family: alegreya-sans-sc; font-weight: bold;\">10.- LEGISLACI\u00d3N APLICABLE Y JURISDICCI\u00d3N COMPETENTE<\/h3>\r\n<div style=\"font-family: alegreya-sans-sc; font-size: 12pt; color: #000000;\">El presente Aviso Legal se interpretar\u00e1 y regir\u00e1 de conformidad con la legislaci\u00f3n espa\u00f1ola. ARTRETAIL GESTI\u00d3N INTEGRAL SL y los usuarios, con renuncia expresa a cualquier otro fuero que pudiera corresponderles, se someten al de los juzgados y tribunales del domicilio del usuario para cualquier controversia que pudiera derivarse del acceso o uso de la web. En el caso de que el usuario tenga su domicilio fuera de Espa\u00f1a, ARTRETAIL GESTI\u00d3N INTEGRAL SL y el usuario, se someten, con renuncia expresa a cualquier otro fuero, a los juzgados y tribunales de la ciudad de Barcelona.<\/div><\/br>[\/et_pb_text][\/et_pb_column][\/et_pb_row][\/et_pb_section]","_et_gb_content_width":"","footnotes":""},"class_list":["post-1935","page","type-page","status-publish","hentry"],"_links":{"self":[{"href":"https:\/\/artretail.com\/en\/wp-json\/wp\/v2\/pages\/1935","targetHints":{"allow":["GET"]}}],"collection":[{"href":"https:\/\/artretail.com\/en\/wp-json\/wp\/v2\/pages"}],"about":[{"href":"https:\/\/artretail.com\/en\/wp-json\/wp\/v2\/types\/page"}],"author":[{"embeddable":true,"href":"https:\/\/artretail.com\/en\/wp-json\/wp\/v2\/users\/1"}],"replies":[{"embeddable":true,"href":"https:\/\/artretail.com\/en\/wp-json\/wp\/v2\/comments?post=1935"}],"version-history":[{"count":3,"href":"https:\/\/artretail.com\/en\/wp-json\/wp\/v2\/pages\/1935\/revisions"}],"predecessor-version":[{"id":1939,"href":"https:\/\/artretail.com\/en\/wp-json\/wp\/v2\/pages\/1935\/revisions\/1939"}],"wp:attachment":[{"href":"https:\/\/artretail.com\/en\/wp-json\/wp\/v2\/media?parent=1935"}],"curies":[{"name":"wp","href":"https:\/\/api.w.org\/{rel}","templated":true}]}}