{"id":1940,"date":"2020-08-26T10:47:35","date_gmt":"2020-08-26T10:47:35","guid":{"rendered":"http:\/\/artretail.com\/?page_id=1940"},"modified":"2020-08-26T10:47:39","modified_gmt":"2020-08-26T10:47:39","slug":"politica-de-privacidad","status":"publish","type":"page","link":"https:\/\/artretail.com\/en\/politica-de-privacidad\/","title":{"rendered":"Pol\u00edtica de Privacidad"},"content":{"rendered":"<p>[et_pb_section fb_built=&#8221;1&#8243; _builder_version=&#8221;4.4.5&#8243;][et_pb_row _builder_version=&#8221;4.4.5&#8243;][et_pb_column type=&#8221;4_4&#8243; _builder_version=&#8221;4.4.5&#8243;][et_pb_text admin_label=&#8221;Pol\u00edtica de Privacidad&#8221; _builder_version=&#8221;4.4.5&#8243; hover_enabled=&#8221;0&#8243;]<\/p>\n<h2 style=\"font-family: alegreya-sans-sc; text-align: center; font-weight: bold;\">PRIVACY POLICY AND DATA PROTECTION<\/h2>\n<div style=\"font-family: alegreya-sans-sc; color: #000000;\"><span style=\"font-size: 12pt;\"><br \/>According to the Regulation (EU) 2016\/679 of the European Parliament and of the Council of 27 April 2016, on the protection of natural persons with regard to the processing of personal data and on the free movement of such data, and repealing Directive 95\/46\/EC (General Data Protection Regulation), according to the Organic Law 3\/2018, of Personal Data Protection and guarantee of digital rights, just as according to Law of Society Information\u2019s Services and Electronic Trades, 34\/2002 (LSSI-CE) ARTRETAIL GESTI\u00d3N INTEGRAL S.L guarantees the protection and confidentiality of any personal data provided by our customers, according to the GDPR<br \/>\nARTRETAIL GESTI\u00d3N INTEGRAL S.L\u2019s Privacy Policy lays on proactive responsability principle,according to which the treatment responsible is responsible of the legislative and jurisprudential compliance, being able to prove it before the Control Authorities.<br \/>\n<br \/>Data provided will be treated according to the GDPR; in this way AB BEAUTY has adopted protection levels legally required, and has installed all technical measures to avoid loss, bad use, alteration and non authorized access by third. However, user must be aware that security measures on Internet are not impenetrable.<\/span><\/div>\n<p>&nbsp;<\/p>\n<h4 style=\"font-family: alegreya-sans-sc; font-weight: bold; text-decoration: underline;\">Responsible of the treatment: Who we are?<\/h4>\n<div style=\"font-family: alegreya-sans-sc; color: #000000;\"><span style=\"font-size: 12pt;\"><br \/>Denomination: ARTRETAIL GESTI\u00d3N INTEGRAL SL<br \/>CIF: B66466939<br \/>Address: C\/ Bertran 127 &#8211; 4\u00aa, 08023., Barcelona<br \/>Telephone: 931179678<br \/>Email: info@artretail.com<\/span><\/div>\n<p>&nbsp;<\/p>\n<h4 style=\"font-family: alegreya-sans-sc; font-weight: bold; text-decoration: underline;\">Purpose of the treatment: For what reason will we use your data?<\/h4>\n<div style=\"font-family: alegreya-sans-sc; color: #000000;\"><span style=\"font-size: 12pt;\"><br \/>All data provided by our customers and visitors of the website will be included in files responsability of ARTRETAIL GESTI\u00d3N INTEGRAL S.L, indispensable to offer the services required by the users, or to resolve doubts and questions asked by our visitors. Our policy is not to make profiles about our users.<br \/>\n<\/span><\/div>\n<p>&nbsp;<\/p>\n<h4 style=\"font-family: alegreya-sans-sc; font-weight: bold; text-decoration: underline;\">Legitimacy of the treatment: Why do we need your data?<\/h4>\n<div style=\"font-family: alegreya-sans-sc; color: #000000;\"><span style=\"font-size: 12pt;\"><br \/>\n<br \/>a) Contractual relationship: Applied when you buy one of our products or hire any of ourservices.<br \/>\n<br \/>b) Legitimate interest: To attend enquiries and complaints asked, and to manage debts.<br \/>\n<br \/>c) Your consent: If you are user of our website, by clicking in the chechbox of the contact form, you authorize us to send communications to answer your questions<\/span><\/div>\n<p>&nbsp;<\/p>\n<h4 style=\"font-family: alegreya-sans-sc; font-weight: bold; text-decoration: underline;\">Addressees: with whom do we share your data?<\/h4>\n<div style=\"font-family: alegreya-sans-sc; color: #000000;\"><span style=\"font-size: 12pt;\"><br \/>We do not share your personal data with anyone, except with public or private entities which we are forced to do so according to law. As an example, Tributary Law oblige to share with Tributary Agency some information about economic operations that exceed certain quantity. Beside of the examples explained, if we need to share your personal information with other entities, we will ask you previously, using transparent options that let you decide about it. <\/span><\/div>\n<p>&nbsp;<\/p>\n<h4 style=\"font-family: alegreya-sans-sc; font-weight: bold; text-decoration: underline;\">Communication: Where could we send your data?<\/h4>\n<div style=\"font-family: alegreya-sans-sc; color: #000000;\"><span style=\"font-size: 12pt;\"><br \/>We will not make international personal data transfers for any of the explained purposes. <\/span><\/div>\n<p>&nbsp;<\/p>\n<h4 style=\"font-family: alegreya-sans-sc; font-weight: bold; text-decoration: underline;\">Conservation: For how long we will keep your data?<\/h4>\n<div style=\"font-family: alegreya-sans-sc; color: #000000;\"><span style=\"font-size: 12pt;\"><br \/>We will only keep yor data for as long as neccesary, according to the purposes for what they were collected. To determine so, we examine the risks implied, just as our contractual duties, internal and our legitimate business interest, described in the Legal Notice and the Cookies Policy. In this way, ARTRETAIL GESTI\u00d3N INTEGRAL S.L will keep your personal data once the relationship with you is over, properly blocked during the prescription period that may derive from the relationship with you. Once blocked, your data will be inaccessible for ARTRETAIL GESTI\u00d3N INTEGRAL S.L, and will not be treated, except for communications to Public Administrations, Judges and Courts, to attend hypotheticals responsabilities derive from the treatments, just like for exercise and defence of complaints before Spanish Agency of Data Protection.<\/span><\/div>\n<p>&nbsp;<\/p>\n<h4 style=\"font-family: alegreya-sans-sc; font-weight: bold; text-decoration: underline;\">Security: How are we going to protect your data?<\/h4>\n<div style=\"font-family: alegreya-sans-sc; color: #000000;\"><span style=\"font-size: 12pt;\"><br \/>We use all our efforts to maintain the confidentiality of personal data treated in our systems. We maintain strict security levels to protect it against leaks and non authorized access or treatments. However, we can\u2019t take responsibility for the use that you do in our website.<\/span><\/div>\n<p>&nbsp;<\/p>\n<h4 style=\"font-family: alegreya-sans-sc; font-weight: bold; text-decoration: underline;\">Your rights: What rights can you exercise as applicant?<\/h4>\n<div style=\"font-family: alegreya-sans-sc; color: #000000;\"><span style=\"font-size: 12pt;\"><br \/>We inform you that you could exercise the following rights:<br \/>a) Right of access to your personal data, to know which ones are being treated and the<br \/>\ntreatment operations taking place with them;<br \/>b) Right of erasure (\u201cright to be forgotten\u201d) of your personal data, when possible (forinstance, as required by law);<br \/>c) Right to restriction of processing about the treatment of your personal data when the accuracy, legality or need of the personal data treatment become uncertain. We could keep it for exercise or defence of complaints.<br \/>d) Right to object the treatment of your personal data, when the legality of it is legitimate<br \/>\ninterest. ARTRETAIL GESTI\u00d3N INTEGRAL S.L will stop treating your data, unless it isnecessary to defence of complaints..<br \/>e) Right to data portability, when the legal base of the treatment would be contractual relationship or your consent.<br \/>f) Right to revoke the consent given to ARTRETAIL GESTI\u00d3N INTEGRAL S.L<br \/>To exercise your rights, you can do it for free, any time, contacting us at the following address:<br \/>\nC\/ Bertran, 127 &#8211; 4\u00aa, 08023 Barcelona, Barcelona , attaching a copy of your personal ID.<\/span><\/div>\n<p>&nbsp;<\/p>\n<h4 style=\"font-family: alegreya-sans-sc; font-weight: bold; text-decoration: underline;\">Protection of rights: Where can you exercise a complaint?<\/h4>\n<div style=\"font-family: alegreya-sans-sc; color: #000000;\"><span style=\"font-size: 12pt;\"><br \/>If you consider that your rights have not been carefully dealed by our company, you can<br \/>\nexercise a complaint before the Spanish Agency of Data Protection, through one of the following ways:<br \/>&#8211; Electronic office: https:\/\/www.aepd.es<br \/>&#8211; Mailbox: Spanish Agency of Data Protection, C\/ Jorge Juan, 6, 28001, Madrid <br \/>&#8211; Telephone: 901.100.099 y 912.663.517<br \/>Exercise a complaint before this entity does not involve any cost and it is not neccessary lawyer nor attorney. <\/span><\/div>\n<p>&nbsp;<\/p>\n<h4 style=\"font-family: alegreya-sans-sc; font-weight: bold; text-decoration: underline;\">Updates: What changes may occur in this Privacy Policy?<\/h4>\n<div style=\"font-family: alegreya-sans-sc; color: #000000;\"><span style=\"font-size: 12pt;\"><br \/>ARTRETAIL GESTI\u00d3N INTEGRAL S.L reserves the right to modify the present policy to adapt it to the legal updates. To guarantee the data protection regulations, ARTRETAIL GESTI\u00d3N INTEGRAL S.L has received the counsel and advice of <a href=\"https:\/\/clickdatos.es\/\" target=\"_blank\" rel=\"noopener noreferrer\">ClickDatos<\/a>.<\/span><\/div>\n<p>[\/et_pb_text][\/et_pb_column][\/et_pb_row][\/et_pb_section]<\/p>\n","protected":false},"excerpt":{"rendered":"<p>PRIVACY POLICY AND DATA PROTECTION According to the Regulation (EU) 2016\/679 of the European Parliament and of the Council of 27 April 2016, on the protection of natural persons with regard to the processing of personal data and on the free movement of such data, and repealing Directive 95\/46\/EC (General Data Protection Regulation), according to [&hellip;]<\/p>\n","protected":false},"author":1,"featured_media":0,"parent":0,"menu_order":0,"comment_status":"closed","ping_status":"closed","template":"","meta":{"_et_pb_use_builder":"on","_et_pb_old_content":"[et_pb_section fb_built=\"1\" _builder_version=\"4.4.5\"][et_pb_row _builder_version=\"4.4.5\"][et_pb_column type=\"4_4\" _builder_version=\"4.4.5\"][et_pb_text admin_label=\"Pol\u00edtica de Privacidad\" _builder_version=\"4.4.5\" hover_enabled=\"0\"]<h2 style=\"font-family: alegreya-sans-sc; text-align: center; font-weight: bold;\">POL\u00cdTICA DE PRIVACIDAD Y PROTECCI\u00d3N DE DATOS<\/h2>\r\n<div style=\"font-family: alegreya-sans-sc; color: #000000;\"><span style=\"font-size: 12pt;\"><br \/>En cumplimiento del Reglamento (UE) 2016\/679 del Parlamento Europeo y del Consejo, de 27 de abril de 2016, relativo a la protecci\u00f3n de las personas f\u00edsicas en lo que respecta al tratamiento de datos personales, por el que se deroga la directiva 95\/46\/CE (en adelante, RGPD), de la Ley 34\/2002, de 11 de julio, de servicios de la sociedad de la informaci\u00f3n y de comercio electr\u00f3nico (en adelante, LSSI-CE) y de la Ley Org\u00e1nica 3\/2018, de Protecci\u00f3n de Datos Personales y garant\u00eda de los derechos digitales, ARTRETAIL<br \/>GESTI\u00d3N INTEGRAL SL garantiza la protecci\u00f3n y confidencialidad de los datos personales, de cualquier tipo que nos proporcionen nuestros clientes, de acuerdo con lo dispuesto en el Reglamento General de Protecci\u00f3n de Datos de Car\u00e1cter Personal.<br \/>La Pol\u00edtica de Protecci\u00f3n de Datos de ARTRETAIL GESTI\u00d3N INTEGRAL SL descansa en el principio de responsabilidad proactiva, seg\u00fan el cual el Responsable del tratamiento es responsable del cumplimiento del marco normativo y jurisprudencial, siendo capaz de demostrarlo ante las autoridades de control correspondientes. Los datos facilitados ser\u00e1n tratados en los t\u00e9rminos establecidos en el RGPD; en este sentido, ARTRETAIL GESTI\u00d3N INTEGRAL SL ha adoptado los niveles de protecci\u00f3n que legalmente se exigen, y ha instalado todas las medidas t\u00e9cnicas a su alcance para evitar la p\u00e9rdida, mal uso, alteraci\u00f3n, acceso no autorizado por terceros, expuestos a continuaci\u00f3n. No obstante, el usuario debe ser consciente de que las medidas de seguridad en Internet no son inexpugnables.<\/span><\/div>\r\n<p>\u00a0<\/p>\r\n<h4 style=\"font-family: alegreya-sans-sc; font-weight: bold; text-decoration: underline;\">Responsable del tratamiento: \u00bfQui\u00e9nes somos?<\/h4>\r\n<div style=\"font-family: alegreya-sans-sc; color: #000000;\"><span style=\"font-size: 12pt;\"><br \/>Denominaci\u00f3n: ARTRETAIL GESTI\u00d3N INTEGRAL SL<br \/>CIF: B66466939<br \/>Direcci\u00f3n: C\/ Bertran 127 - 4\u00aa, 08023., Barcelona<br \/>Tel\u00e9fono: 931179678<br \/>Correo electr\u00f3nico: info@artretail.com<\/span><\/div>\r\n<p>\u00a0<\/p>\r\n<h4 style=\"font-family: alegreya-sans-sc; font-weight: bold; text-decoration: underline;\">Finalidad del tratamiento: \u00bfPara qu\u00e9 usaremos sus datos?<\/h4>\r\n<div style=\"font-family: alegreya-sans-sc; color: #000000;\"><span style=\"font-size: 12pt;\"><br \/>Todos los datos facilitados por nuestros clientes y\/o visitantes en la web de ARTRETAIL GESTI\u00d3N INTEGRAL SL o a su personal, ser\u00e1n incluidos en ficheros, automatizados o no, creados y mantenidos bajo la responsabilidad del mismo, imprescindibles para prestar los servicios solicitados por los usuarios, o para resolver las dudas o cuestiones planteadas por nuestros visitantes. Nuestra pol\u00edtica es no elaborar perfiles sobre los usuarios de nuestros servicios.<\/span><\/div>\r\n<p>\u00a0<\/p>\r\n<h4 style=\"font-family: alegreya-sans-sc; font-weight: bold; text-decoration: underline;\">Legitimidad del tratamiento: \u00bfPor qu\u00e9 necesitamos sus datos?<\/h4>\r\n<div style=\"font-family: alegreya-sans-sc; color: #000000;\"><span style=\"font-size: 12pt;\"><br \/>a) Relaci\u00f3n contractual: Es la que aplica cuando compra uno de nuestros productos o contrata alguno de nuestros servicios.<br \/>b) Inter\u00e9s leg\u00edtimo: Para atender a las consultas y reclamaciones que nos plantee y para gestionar el cobro de las cantidades adeudadas.<br \/>c) Su consentimiento: Si es usuario de nuestra web, mediante la marcaci\u00f3n de la casilla que figura en el formulario de contacto, nos autoriza a que le remitamos las comunicaciones necesarias para dar respuesta a la consulta o solicitud de informaci\u00f3n planteada.<\/span><\/div>\r\n<p>\u00a0<\/p>\r\n<h4 style=\"font-family: alegreya-sans-sc; font-weight: bold; text-decoration: underline;\">Destinatarios: \u00bfCon qui\u00e9n compartimos sus datos?<\/h4>\r\n<div style=\"font-family: alegreya-sans-sc; color: #000000;\"><span style=\"font-size: 12pt;\"><br \/>No cedemos sus datos personales a nadie, a excepci\u00f3n de aquellas entidades p\u00fablicas o privadas a las cuales estemos obligados a facilitar sus datos personales con motivo del cumplimiento de alguna ley. Por poner un ejemplo, la Ley Tributaria obliga a facilitar a la Agencia Tributaria determinada informaci\u00f3n sobre operaciones econ\u00f3micas que superen una determinada cantidad. En el caso de que, al margen de los supuestos comentados, necesitemos dar a conocer su informaci\u00f3n<br \/>personal a otras entidades, le solicitaremos previamente su permiso a trav\u00e9s de opciones claras que le permitir\u00e1n decidir a este respecto.<\/span><\/div>\r\n<p>\u00a0<\/p>\r\n<h4 style=\"font-family: alegreya-sans-sc; font-weight: bold; text-decoration: underline;\">Comunicaci\u00f3n: \u00bfD\u00f3nde podr\u00edamos enviar tus datos?<\/h4>\r\n<div style=\"font-family: alegreya-sans-sc; color: #000000;\"><span style=\"font-size: 12pt;\"><br \/>No realizaremos transferencias internacionales de sus datos personales para ninguna de las finalidades indicadas. (Si existen, hay que indicar aquellos proveedores situados fuera del EEE, as\u00ed como enlazar hiperv\u00ednculos a sus pol\u00edticas de privacidad)<\/span><\/div>\r\n<p>\u00a0<\/p>\r\n<h4 style=\"font-family: alegreya-sans-sc; font-weight: bold; text-decoration: underline;\">Conservaci\u00f3n: \u00bfCu\u00e1nto tiempo mantendremos tus datos?<\/h4>\r\n<div style=\"font-family: alegreya-sans-sc; color: #000000;\"><span style=\"font-size: 12pt;\"><br \/>Solo conservaremos sus datos personales durante el tiempo que resulte necesario para lograr los fines para los que fueron recabados. A la hora de determinar el oportuno periodo de conservaci\u00f3n, examinamos los riesgos que conlleva el tratamiento, as\u00ed como nuestras obligaciones contractuales, legales y normativas, las pol\u00edticas internas de conservaci\u00f3n de datos y nuestros intereses de negocio leg\u00edtimos descritos en el presente Aviso de Privacidad y Pol\u00edtica de Cookies. En este sentido, ARTRETAIL GESTI\u00d3N INTEGRAL SL conservar\u00e1 los datos personales una vez terminada su relaci\u00f3n con Ud., debidamente bloqueados, durante el plazo de prescripci\u00f3n de las acciones que pudieran derivarse de la relaci\u00f3n mantenida con el interesado. Una vez bloqueados, sus datos resultar\u00e1n inaccesibles para ARTRETAIL GESTI\u00d3N INTEGRAL SL, y no ser\u00e1n tratados excepto para su puesta a disposici\u00f3n a las Administraciones p\u00fablicas, Jueces y Tribunales, para la atenci\u00f3n de las posibles responsabilidades nacidas de los tratamientos, as\u00ed como para el ejercicio y defensa de reclamaciones ante la Agencia Espa\u00f1ola de Protecci\u00f3n de Datos.<\/span><\/div>\r\n<p>\u00a0<\/p>\r\n<h4 style=\"font-family: alegreya-sans-sc; font-weight: bold; text-decoration: underline;\">Seguridad: \u00bfC\u00f3mo vamos a proteger sus datos?<\/h4>\r\n<div style=\"font-family: alegreya-sans-sc; color: #000000;\"><span style=\"font-size: 12pt;\"><br \/>Empleamos todos los esfuerzos razonables para mantener la confidencialidad de la informaci\u00f3n personal que se trate en nuestros sistemas. Mantenemos estrictos niveles de seguridad para proteger los datos de car\u00e1cter personal que procesamos frente a p\u00e9rdidas fortuitas y a accesos, tratamientos o revelaciones no autorizados, habida cuenta del estado de la tecnolog\u00eda, la naturaleza y los riesgos a que est\u00e1n expuestos los datos. No obstante, no podemos responsabilizarnos del uso que Ud. haga de los datos (incluido usuario y contrase\u00f1a) que utilice en nuestra web. Nuestro personal sigue estrictas normas de privacidad y en el caso de que contratemos a terceros para prestar servicios de soporte, les exigimos que acaten las mismas normas y nos permitan auditarles para verificar su cumplimiento.<\/span><\/div>\r\n<p>\u00a0<\/p>\r\n<h4 style=\"font-family: alegreya-sans-sc; font-weight: bold; text-decoration: underline;\">Sus derechos: \u00bfQu\u00e9 derechos puede ejercer como interesado?<\/h4>\r\n<div style=\"font-family: alegreya-sans-sc; color: #000000;\"><span style=\"font-size: 12pt;\"><br \/>Le informamos que podr\u00e1 ejercer los siguientes derechos:<br \/>a) Derecho de acceso a sus datos personales, para saber cu\u00e1les est\u00e1n siendo objeto de tratamiento y las operaciones de tratamiento llevadas a cabo con ellos;<br \/>b) Derecho de rectificaci\u00f3n de cualquier dato personal inexacto;<br \/>c) Derecho de supresi\u00f3n de sus datos personales, cuando esto sea posible (por ejemplo, por imperativo legal);<br \/>d) Derecho de limitaci\u00f3n del tratamiento de sus datos personales cuando la exactitud, la legalidad o la necesidad del tratamiento de los datos resulte dudosa, en cuyo caso, podremos conservarlos para el ejercicio o la defensa de reclamaciones.<br \/>e) Derecho de oposici\u00f3n al tratamiento de sus datos personales, cuando la base legal que nos habilite para su tratamiento de las indicadas sea nuestro inter\u00e9s leg\u00edtimo. ARTRETAIL GESTI\u00d3N INTEGRAL SL dejar\u00e1 de tratar tus datos salvo que tenga un inter\u00e9s leg\u00edtimo o sea necesario para la defensa de reclamaciones, cuando proceda este derecho.<br \/>f) Derecho a la portabilidad de sus datos, cuando la base legal que nos habilite para su tratamiento sea la existencia de una relaci\u00f3n contractual o su consentimiento.<br \/>g) Derecho a revocar el consentimiento otorgado a ARTRETAIL GESTI\u00d3N INTEGRAL SL.<br \/>Para ejercitar sus derechos, puede hacerlo de manera gratuita y en cualquier momento, contactando con nosotros en la direcci\u00f3n C\/ Bertran 127 - 4\u00aa, 08023., Barcelona, o escribiendo un correo a info@artretail.com, adjuntando siempre copia del DNI.<\/span><\/div>\r\n<p>\u00a0<\/p>\r\n<h4 style=\"font-family: alegreya-sans-sc; font-weight: bold; text-decoration: underline;\">Tutela de derechos: \u00bfD\u00f3nde puede formular una reclamaci\u00f3n?<\/h4>\r\n<div style=\"font-family: alegreya-sans-sc; color: #000000;\"><span style=\"font-size: 12pt;\"><br \/>En caso de que entienda que sus derechos han sido desatendidos por nuestra entidad, puede formular una reclamaci\u00f3n en la Agencia Espa\u00f1ola de Protecci\u00f3n de Datos, a trav\u00e9s de alguno de los medios siguientes:<br \/>- Sede electr\u00f3nica: https:\/\/www.aepd.es<br \/>- Correo postal: Agencia Espa\u00f1ola de Protecci\u00f3n de Datos, C\/ Jorge Juan, 6, 28001, Madrid<br \/>- Tel\u00e9fono: 901.100.099 y 912.663.517<br \/>Formular una reclamaci\u00f3n en la Agencia Espa\u00f1ola de Protecci\u00f3n de Datos no conlleva ning\u00fan coste y no es necesaria la asistencia de abogado ni procurador.<\/span><\/div>\r\n<p>\u00a0<\/p>\r\n<h4 style=\"font-family: alegreya-sans-sc; font-weight: bold; text-decoration: underline;\">Actualizaciones: \u00bfQu\u00e9 cambios puede haber en esta Pol\u00edtica de Privacidad?<\/h4>\r\n<div style=\"font-family: alegreya-sans-sc; color: #000000;\"><span style=\"font-size: 12pt;\"><br \/>ARTRETAIL GESTI\u00d3N INTEGRAL SL se reserva el derecho a modificar la presente pol\u00edtica para adaptarla a novedades legislativas o jurisprudenciales que puedan afectar el cumplimiento de la misma. Con objeto de garantizar el cumplimiento de la normativa sobre protecci\u00f3n de datos de car\u00e1cter personal, ARTRETAIL GESTI\u00d3N INTEGRAL SL ha recibido los servicios de consultor\u00eda y asesoramiento por parte de <a href=\"https:\/\/clickdatos.es\/\" target=\"_blank\" rel=\"noopener noreferrer\">ClickDatos<\/a>.<\/span><\/div>\r\n[\/et_pb_text][\/et_pb_column][\/et_pb_row][\/et_pb_section]","_et_gb_content_width":"","footnotes":""},"class_list":["post-1940","page","type-page","status-publish","hentry"],"_links":{"self":[{"href":"https:\/\/artretail.com\/en\/wp-json\/wp\/v2\/pages\/1940","targetHints":{"allow":["GET"]}}],"collection":[{"href":"https:\/\/artretail.com\/en\/wp-json\/wp\/v2\/pages"}],"about":[{"href":"https:\/\/artretail.com\/en\/wp-json\/wp\/v2\/types\/page"}],"author":[{"embeddable":true,"href":"https:\/\/artretail.com\/en\/wp-json\/wp\/v2\/users\/1"}],"replies":[{"embeddable":true,"href":"https:\/\/artretail.com\/en\/wp-json\/wp\/v2\/comments?post=1940"}],"version-history":[{"count":3,"href":"https:\/\/artretail.com\/en\/wp-json\/wp\/v2\/pages\/1940\/revisions"}],"predecessor-version":[{"id":1944,"href":"https:\/\/artretail.com\/en\/wp-json\/wp\/v2\/pages\/1940\/revisions\/1944"}],"wp:attachment":[{"href":"https:\/\/artretail.com\/en\/wp-json\/wp\/v2\/media?parent=1940"}],"curies":[{"name":"wp","href":"https:\/\/api.w.org\/{rel}","templated":true}]}}