{"id":1947,"date":"2020-08-26T11:09:55","date_gmt":"2020-08-26T11:09:55","guid":{"rendered":"http:\/\/artretail.com\/?page_id=1947"},"modified":"2020-08-26T11:09:58","modified_gmt":"2020-08-26T11:09:58","slug":"politica-de-cookies","status":"publish","type":"page","link":"https:\/\/artretail.com\/en\/politica-de-cookies\/","title":{"rendered":"POL\u00cdTICA DE COOKIES"},"content":{"rendered":"<p>[et_pb_section fb_built=&#8221;1&#8243; _builder_version=&#8221;4.4.5&#8243;][et_pb_row _builder_version=&#8221;4.4.5&#8243;][et_pb_column type=&#8221;4_4&#8243; _builder_version=&#8221;4.4.5&#8243;][et_pb_text admin_label=&#8221;POL\u00cdTICA DE COOKIES&#8221; _builder_version=&#8221;4.4.5&#8243; hover_enabled=&#8221;0&#8243;]<\/p>\n<h2 style=\"font-family: alegreya-sans-sc; text-align: center; font-weight: bold;\">COOKIE POLICY<\/h2>\n<div style=\"font-family: alegreya-sans-sc; color: #000000;\"><span style=\"font-size: 12pt;\"><br \/>\nIn the website <a style=\"color: #000000;\" href=\"http:\/\/www.artretail.com\/\" target=\"_blank\" rel=\"noopener noreferrer\">http:\/\/www.artretail.com\/<\/a> (from here on out, the website) we use cookies to ease the relationship between our visitors and our contents, and to allow to elaborate statistics about the visits we receive. We inform you that we could use cookies to ease the navigation trough the website, distinguish you among other users, provide a better experience and identify problems to improve our website. Additionally, in case you give us your consent, we will use cookies that allow us to obtain more information about your preferences and personalize our website according to your personal interest.<\/span><\/div>\n<p>&nbsp;<\/p>\n<h4 style=\"font-family: alegreya-sans-sc; font-weight: bold;\">What are the cookies?<\/h4>\n<div style=\"font-family: alegreya-sans-sc; color: #000000;\"><span style=\"font-size: 12pt;\"><br \/>\nCookies are a tiny files which are recorded in the navigator used by every visitor of our website, to allow the server to remind the visit of that user. This information does not reveal your identity or any personal data, nor access the content of your pc, but it does allow our system to identify you as a user that previously visited our website, and besides, allows to keep your personal preferences and technical information, such as number of visits or websites visited. According to the Law of Society Information\u2019s Services and Electronic Trades, 34\/2002 (LSSICE), following the guidelines of the Spanish Agency of Data Protection, we are going to inform you in detail of the use done in our website. The purpose of this cookie policy is to inform you in a clear and precise way about the cookies used in our website. About third partie\u2019s cookies, we can\u2019t take responsability of their content and truthfulness of their privacy policies. And now, we are going to detail a cookie clasification. A cookie can be included in more than<br \/>\na category.<\/span><\/div>\n<p>&nbsp;<\/p>\n<h4 style=\"font-family: alegreya-sans-sc; font-weight: bold;\">Types of cookies according to the entity<\/h4>\n<div style=\"font-family: alegreya-sans-sc; color: #000000;\"><span style=\"font-size: 12pt;\"><br \/>\n&#8211; <span style=\"text-decortation: underline;\">Own Cookies:<\/span> Cookies sent to the user\u2019s electronic device from a device or domain manage by the word processor and where the service asked by the user is given.<br \/>\n&#8211; <span style=\"text-decortation: underline;\">Third Party Cookies:<\/span> Cookies sent to the user\u2019s electronic device from a device or domain which are not managed by the word processor, but by other entity which treat data.<\/span><\/div>\n<p>&nbsp;<\/p>\n<h4 style=\"font-family: alegreya-sans-sc; font-weight: bold;\">Types of cookies according to the active remaining time<\/h4>\n<div style=\"font-family: alegreya-sans-sc; color: #000000;\"><span style=\"font-size: 12pt;\"><br \/>\n&#8211; <span style=\"text-decortation: underline;\">Session cookies:<\/span>  Cookies design to collect and keep data while the user access to a website.<br \/>\n&#8211; <span style=\"text-decortation: underline;\">Permanent Cookies:<\/span>  Cookies in which data keep stored in the device and can be accessed and treated during a period stablished by the responsable of the cookie. May vary from minutes to years.<\/span><\/div>\n<p>&nbsp;<\/p>\n<h4 style=\"font-family: alegreya-sans-sc; font-weight: bold;\">Types of cookies according to their purpose<\/h4>\n<div style=\"font-family: alegreya-sans-sc; color: #000000;\"><span style=\"font-size: 12pt;\"><br \/>\n&#8211; <span style=\"text-decortation: underline;\">Technical Cookies:<\/span> Those which allow the user the navigation through a website, platform or application and the use of different options or services contained in it, for instance, controlling the traffic and data communication, identify the sesi\u00f3n, access to restricted \u00e1reas, remind elements of an order, complete the process of a purchase, use security elements through navigation or share content in social media.<br \/>\n&#8211; <span style=\"text-decortation: underline;\">Personalization Cookies:<\/span> Those which allow the user to access the service with some predefined characteristics, such as language, type of navigator, regional configuration, etc.<br \/>\n&#8211; <span style=\"text-decortation: underline;\">Analysis Coookies:<\/span>  Those which allow the responsible of them, the track and analysis of the user\u2019s behaviour, linked to the website. The information collected with this type of cookies is used to measure the activity of the websites, applications or platforms, just like for development of user\u2019s profile, with the purpose of improve the service according to the results. About the treatment of data collected by this cookies, is unlikely that represent a risk for the<br \/>\nprivacy of the users, as long as the cookies treat data with a strictly statiscal purpose, provide information about its use and include a possibility to reject it.<br \/>\n&#8211; <span style=\"text-decortation: underline;\">&#8211; Advertising Cookies:<\/span>  Those which allow to manage advertising spaces that the word processor has included in the website, based on criteria such as published content or frequence of the advertisings.<br \/>\n&#8211; <span style=\"text-decortation: underline;\">Behavioral Advertising Cookies: Those which allow to manage advertising spaces that the word processor has included in the website. This cookies store information about the user\u2019s behaviour, obtained through continuous observation of their navigation habits, what allow to develop a specific profile to show advertise according to their preferences and habits. Nowadays, most browsers are configured to block the installation of third party cookies and<br \/>\nadvertising cookies. User can increase the origin restrictions. If you are interested in admitting this cookies, you could set your browser in that way. The acceptance of the user, by clicking the ACCEPT button showed in the initial information about cookies, implies that you are expressly consenting to the responsible for their use. Youcan revoke it any time, requesting it at ARTRETAIL GESTI\u00d3N INTEGRAL S.L.<\/span> <\/span><\/div>\n<p><\/br><br \/>\n<!--\n\n\n<table style=\"border-collapse: collapse; width: 100%; height: 92px;\">\n\n\n<tbody>\n\n\n<tr style=\"height: 23px;\">\n\n\n<td style=\"width: 33.3333%; text-align: center; height: 23px;\"><strong>Cookie<\/strong><\/td>\n\n\n\n\n<td style=\"width: 33.3333%; text-align: center; height: 23px;\"><strong>Origen<\/strong><\/td>\n\n\n\n\n<td style=\"width: 33.3333%; text-align: center; height: 23px;\"><strong>Finalidad y m\u00e1s informaci\u00f3n <\/strong><\/td>\n\n\n<\/tr>\n\n\n\n\n<tr style=\"height: 23px;\">\n\n\n<td style=\"width: 33.3333%; height: 23px;\"><\/td>\n\n\n\n\n<td style=\"width: 33.3333%; height: 23px;\"><\/td>\n\n\n\n\n<td style=\"width: 33.3333%; height: 23px;\"><\/td>\n\n\n<\/tr>\n\n\n\n\n<tr style=\"height: 23px;\">\n\n\n<td style=\"width: 33.3333%; height: 23px;\"><\/td>\n\n\n\n\n<td style=\"width: 33.3333%; height: 23px;\"><\/td>\n\n\n\n\n<td style=\"width: 33.3333%; height: 23px;\"><\/td>\n\n\n<\/tr>\n\n\n\n\n<tr style=\"height: 23px;\">\n\n\n<td style=\"width: 33.3333%; height: 23px;\"><\/td>\n\n\n\n\n<td style=\"width: 33.3333%; height: 23px;\"><\/td>\n\n\n\n\n<td style=\"width: 33.3333%; height: 23px;\"><\/td>\n\n\n<\/tr>\n\n\n<\/tbody>\n\n\n<\/table>\n\n\n&nbsp;\n--><\/p>\n<div style=\"font-family: alegreya-sans-sc; color: #000000;\"><span style=\"font-size: 12pt;\"><br \/>\nIt is possible that we update the Cookie Policy of our website. We recommend you to review this policy from time to time, in order to be aware about how and what for we use cookies. Most browsers allow the management of cookies in three different ways:<br \/>\n&#8211; Cookies are always rejected;<br \/>\n&#8211; Browser ask before installing it;<br \/>\n&#8211; Cookies are always accepted;<br \/>\nYour browser can include the possibility of select with detail which cookie you want to install.<br \/>\nUser can accept one of the following options:<br \/>\n&#8211; Reject cookies of certain domains;<br \/>\n&#8211; Reject third party cookies;<br \/>\n&#8211; Accept non persistent cookies (are erased when the browser is closed);<br \/>\n&#8211; Allow the server to create cookies for a different domain.<br \/>\nTo allow, know, block or erase installed cookies in your device, you can do it in the option menu of your browser.<br \/>\nYou can find it in the following menus:<\/p>\n<ul>\n<li>\n<span style=\"text-decoration: underline;\">Internet Explorer:<\/span>  Tools -> Internet options -> Privacy -> Configuration. For more information, you can consult Microsoft support or Browser Assistance.\n<\/li>\n<li>\n<span style=\"text-decoration: underline;\">Firefox:<\/span> Tools -> Options -> Privacy -> History -> Custom settings. For more information, you can consult Mozilla support or Browser Assistance.\n<\/li>\n<li>\n<span style=\"text-decoration: underline;\">Chrome:<\/span> Settings -> Show advanced options -> Privacy -> Content settings. For more information, you can consult Chrome support or Browser Assistance.\n<\/li>\n<li>\n<span style=\"text-decoration: underline;\">Safari:<\/span> Safari: Preferences -> Security. For more information, you can consult Apple support or Browser Assistance.\n<\/li>\n<\/ul>\n<p>If you have agreed to load Google Analytics cookies, you can also revoke said acceptance at any time by using the &#8220;Disabling add-on for Google Analytics browsers&#8221;, accessing the following web page and following the instructions detailed there:<br \/>\n<a target=\"_blank\" href=\"https:\/\/tools.google.com\/dlpage\/gaoptout?hl=es\" rel=\"noopener noreferrer\">https:\/\/tools.google.com\/dlpage\/gaoptout?hl=es<\/a>\n<\/div>\n<p>[\/et_pb_text][\/et_pb_column][\/et_pb_row][\/et_pb_section]<\/p>\n","protected":false},"excerpt":{"rendered":"<p>COOKIE POLICY In the website http:\/\/www.artretail.com\/ (from here on out, the website) we use cookies to ease the relationship between our visitors and our contents, and to allow to elaborate statistics about the visits we receive. We inform you that we could use cookies to ease the navigation trough the website, distinguish you among other [&hellip;]<\/p>\n","protected":false},"author":1,"featured_media":0,"parent":0,"menu_order":0,"comment_status":"closed","ping_status":"closed","template":"","meta":{"_et_pb_use_builder":"on","_et_pb_old_content":"[et_pb_section fb_built=\"1\" _builder_version=\"4.4.5\"][et_pb_row _builder_version=\"4.4.5\"][et_pb_column type=\"4_4\" _builder_version=\"4.4.5\"][et_pb_text _builder_version=\"4.4.5\" hover_enabled=\"0\" admin_label=\"POL\u00cdTICA DE COOKIES\"]<h2 style=\"font-family: alegreya-sans-sc; text-align: center; font-weight: bold;\">POL\u00cdTICA DE COOKIES<\/h2>\r\n<div style=\"font-family: alegreya-sans-sc; color: #000000;\"><span style=\"font-size: 12pt;\">\r\nEn la web <a style=\"color: #000000;\" href=\"https:\/\/www.artretail.com\/\" target=\"_blank\" rel=\"noopener noreferrer\">https:\/\/www.artretail.com\/<\/a> (en adelante, el Sitio Web) utilizamos cookies para facilitar la relaci\u00f3n de los visitantes con nuestro contenido y para permitir elaborar estad\u00edsticas sobre las visitantes que recibimos. Le informamos que podemos utilizar cookies con la finalidad de facilitar su navegaci\u00f3n a trav\u00e9s del Sitio Web, distinguirle de otros usuarios, proporcionarle una mejor experiencia en el uso del mismo, e identificar problemas para mejorar nuestro Sitio Web. Asimismo, en caso de que preste su consentimiento, utilizaremos cookies que nos permitan obtener m\u00e1s informaci\u00f3n acerca de sus preferencias y personalizar nuestro Sitio Web de conformidad con sus intereses individuales.<\/span><\/div>\r\n\u00a0\r\n<h4 style=\"font-family: alegreya-sans-sc; font-weight: bold;\">\u00bfQu\u00e9 son las cookies?<\/h4>\r\n<div style=\"font-family: alegreya-sans-sc; color: #000000;\"><span style=\"font-size: 12pt;\">\r\nSe denominan cookies a unos peque\u00f1os archivos que se graban en el navegador utilizado por cada visitante de nuestra web para que el servidor pueda recordar la visita de ese usuario con posterioridad cuando vuelva a acceder a nuestros contenidos. Esta informaci\u00f3n no revela su identidad, ni dato personal alguno, ni accede al contenido almacenado en su pc, pero s\u00ed que permite a nuestro sistema identificarle a usted como un usuario determinado que ya visit\u00f3 la web con anterioridad, visualiz\u00f3 determinadas p\u00e1ginas, etc. y adem\u00e1s permite guardar sus preferencias personales e informaci\u00f3n t\u00e9cnica como por ejemplo las visitas realizadas o p\u00e1ginas concretas que visite. En cumplimiento de la Directiva 2009\/136\/CE, desarrollada en nuestro ordenamiento por el apartado segundo del art\u00edculo 22 de la Ley de Servicios de Sociedad de la Informaci\u00f3n, siguiendo las directrices de la Agencia Espa\u00f1ola de Protecci\u00f3n de Datos, procedemos a informarle detalladamente del uso que se realiza en nuestra web. La presente pol\u00edtica de cookies tiene por finalidad informarle de manera clara y precisa sobre las cookies que se utilizan en nuestro Sitio Web (la \u201cPol\u00edtica de Cookies\u201d). Respecto de las cookies de terceros, es decir aquellas que son ajenas a nuestro sitio web, no podemos hacernos responsables del contenido y veracidad de las pol\u00edticas de privacidad que ellos incluyen por lo que la informaci\u00f3n que le ofrecemos es siempre con referencia a la fuente. A continuaci\u00f3n, se realiza una clasificaci\u00f3n de las cookies en funci\u00f3n de una serie de categor\u00edas. No obstante es necesario tener en cuenta que una misma cookie puede estar incluida en m\u00e1s de una categor\u00eda.<\/span><\/div>\r\n\u00a0\r\n<h4 style=\"font-family: alegreya-sans-sc; font-weight: bold;\">Tipos de cookies seg\u00fan la entidad que las gestiona<\/h4>\r\n<div style=\"font-family: alegreya-sans-sc; color: #000000;\"><span style=\"font-size: 12pt;\">\r\n- <span style=\"text-decortation: underline;\">Cookies propias:<\/span> Son aqu\u00e9llas que se env\u00edan al equipo terminal del usuario desde un equipo o dominio gestionado por el propio editor y desde el que se presta el servicio solicitado por el usuario.\r\n- <span style=\"text-decortation: underline;\">Cookies de terceros:<\/span> Son aqu\u00e9llas que se env\u00edan al equipo terminal del usuario desde un equipo o dominio que no es gestionado por el editor, sino por otra entidad que trata los datos<\/span><\/div>\r\n\u00a0\r\n<h4 style=\"font-family: alegreya-sans-sc; font-weight: bold;\">Tipos de cookies seg\u00fan el plazo de tiempo que permanecen activas<\/h4>\r\n<div style=\"font-family: alegreya-sans-sc; color: #000000;\"><span style=\"font-size: 12pt;\">\r\n- <span style=\"text-decortation: underline;\">Cookies de sesi\u00f3n:<\/span> Son un tipo de cookies dise\u00f1adas para recabar y almacenar datos mientras el usuario accede a una p\u00e1gina web\r\n- <span style=\"text-decortation: underline;\">Cookies persistentes:<\/span> Son un tipo de cookies en el que los datos siguen almacenados en el terminal y pueden ser accedidos y tratados durante un periodo definido por el responsable de la cookie, y que puede ir de unos minutos a varios a\u00f1os.<\/span><\/div>\r\n\u00a0\r\n<h4 style=\"font-family: alegreya-sans-sc; font-weight: bold;\">Tipos de cookies seg\u00fan el plazo de tiempo que permanecen activas<\/h4>\r\n<div style=\"font-family: alegreya-sans-sc; color: #000000;\"><span style=\"font-size: 12pt;\">\r\n- <span style=\"text-decortation: underline;\">Cookies t\u00e9cnicas:<\/span> Aqu\u00e9llas que permiten al usuario la navegaci\u00f3n a trav\u00e9s de una p\u00e1gina web, plataforma o aplicaci\u00f3n y la utilizaci\u00f3n de las diferentes opciones o servicios que en ella existan como, por ejemplo, controlar el tr\u00e1fico y la comunicaci\u00f3n de datos, identificar la sesi\u00f3n, acceder a partes de acceso restringido, recordar los elementos que integran un pedido, realizar el proceso de compra de un pedido, realizar la solicitud de inscripci\u00f3n o participaci\u00f3n en un evento, utilizar elementos de seguridad durante la navegaci\u00f3n, almacenar contenidos para la difusi\u00f3n de videos o sonido o compartir contenidos a trav\u00e9s de redes sociales.\r\n- <span style=\"text-decortation: underline;\">Cookies de personalizaci\u00f3n:<\/span> Son aqu\u00e9llas que permiten al usuario acceder al servicio con algunas caracter\u00edsticas de car\u00e1cter general predefinidas en funci\u00f3n de una serie de criterios en el terminal del\r\nusuario como por ejemplo serian el idioma, el tipo de navegador a trav\u00e9s del cual accede al servicio, la configuraci\u00f3n regional desde donde accede al servicio, etc.\r\n- <span style=\"text-decortation: underline;\">Cookies publicitarias:<\/span> Son aqu\u00e9llas que permiten la gesti\u00f3n, de la forma m\u00e1s eficaz posible, de los espacios publicitarios que, en su caso, el editor haya incluido en una p\u00e1gina web, aplicaci\u00f3n o plataforma desde la que presta el servicio solicitado en base a criterios como el contenido editado o la frecuencia en la que se muestran los anuncios.\r\n- <span style=\"text-decortation: underline;\">Cookies de publicidad comportamental:<\/span> Son aqu\u00e9llas que permiten la gesti\u00f3n, de la forma m\u00e1s eficaz posible, de los espacios publicitarios que, en su caso, el editor haya incluido en una p\u00e1gina web, aplicaci\u00f3n o plataforma desde la que presta el servicio solicitado. Estas cookies almacenan informaci\u00f3n del comportamiento de los usuarios obtenida a trav\u00e9s de la observaci\u00f3n continuada de sus h\u00e1bitos de navegaci\u00f3n, lo que permite desarrollar un perfil espec\u00edfico para mostrar publicidad en funci\u00f3n del mismo.\r\n- <span style=\"text-decortation: underline;\">Cookies de an\u00e1lisis:<\/span> Son aqu\u00e9llas que permiten al responsable de las mismas, el seguimiento y an\u00e1lisis del comportamiento de los usuarios de los sitios web a los que est\u00e1n vinculadas. La informaci\u00f3n recogida mediante este tipo de cookies se utiliza en la medici\u00f3n de la actividad de los sitios web, aplicaci\u00f3n o plataforma y para la elaboraci\u00f3n de perfiles de navegaci\u00f3n de los usuarios de dichos sitios, aplicaciones y plataformas, con el fin de introducir mejoras en funci\u00f3n del an\u00e1lisis de los datos de uso que hacen los usuarios del servicio. Respecto al tratamiento de datos recabados a trav\u00e9s de las cookies de an\u00e1lisis, a pesar de que no est\u00e1n exentas del deber de obtener un consentimiento informado para su uso, es poco probable que representen un riesgo para la privacidad de los usuarios siempre que se trate de cookies de primera parte, que traten datos agregados con una finalidad estrictamente estad\u00edstica, que se facilite informaci\u00f3n sobre sus uso y se\r\nincluya la posibilidad de que los usuarios manifiesten su negativa sobre su utilizaci\u00f3n. Actualmente, la mayor\u00eda de los navegadores vienen configurados por defecto para bloquear la instalaci\u00f3n de cookies de publicidad o terceros en su equipo. El usuario puede ampliar las restricciones de origen, impidiendo la entrada de cualquier tipo de cookie, o eliminar dichas restricciones, aceptando la entrada de cualquier tipo de cookies. Si est\u00e1 interesado en admitir cookies de publicidad o de terceros, podr\u00e1 configurar su navegador a tal fin.\r\nLa aceptaci\u00f3n realizada por el usuario, haciendo click en el bot\u00f3n de ACEPTAR mostrado en la informaci\u00f3n inicial sobre cookies, implica que est\u00e1 consintiendo expresamente al responsable para su utilizaci\u00f3n, pudiendo ejercer sus derechos y revocar su consentimiento en cualquier momento, a trav\u00e9s de solicitud a ARTRETAIL GESTI\u00d3N INTEGRAL SL.\r\nA continuaci\u00f3n le informamos detalladamente todas las cookies que podr\u00edan llegar a instalarse desde nuestro sitio web. En funci\u00f3n de su navegaci\u00f3n, de la configuraci\u00f3n de su navegador y de la aceptaci\u00f3n o rechazo de las mismas, podr\u00e1n instalarse todas o s\u00f3lo algunas de ellas.<\/span><\/div><\/br>\r\n<!--\r\n<table style=\"border-collapse: collapse; width: 100%; height: 92px;\">\r\n<tbody>\r\n<tr style=\"height: 23px;\">\r\n<td style=\"width: 33.3333%; text-align: center; height: 23px;\"><strong>Cookie<\/strong><\/td>\r\n<td style=\"width: 33.3333%; text-align: center; height: 23px;\"><strong>Origen<\/strong><\/td>\r\n<td style=\"width: 33.3333%; text-align: center; height: 23px;\"><strong>Finalidad y m\u00e1s informaci\u00f3n <\/strong><\/td>\r\n<\/tr>\r\n<tr style=\"height: 23px;\">\r\n<td style=\"width: 33.3333%; height: 23px;\"><\/td>\r\n<td style=\"width: 33.3333%; height: 23px;\"><\/td>\r\n<td style=\"width: 33.3333%; height: 23px;\"><\/td>\r\n<\/tr>\r\n<tr style=\"height: 23px;\">\r\n<td style=\"width: 33.3333%; height: 23px;\"><\/td>\r\n<td style=\"width: 33.3333%; height: 23px;\"><\/td>\r\n<td style=\"width: 33.3333%; height: 23px;\"><\/td>\r\n<\/tr>\r\n<tr style=\"height: 23px;\">\r\n<td style=\"width: 33.3333%; height: 23px;\"><\/td>\r\n<td style=\"width: 33.3333%; height: 23px;\"><\/td>\r\n<td style=\"width: 33.3333%; height: 23px;\"><\/td>\r\n<\/tr>\r\n<\/tbody>\r\n<\/table>\r\n\u00a0\r\n-->\r\n<div style=\"font-family: alegreya-sans-sc; color: #000000;\"><span style=\"font-size: 12pt;\">\r\nEs posible que actualicemos la Pol\u00edtica de Cookies de nuestro Sitio Web, por ello le recomendamos revisar esta pol\u00edtica cada vez que acceda a nuestro Sitio Web con el objetivo de estar adecuadamente informado sobre c\u00f3mo y para qu\u00e9 usamos las cookies\r\nLa finalidad de las cookies es la de facilitar al Usuario un acceso m\u00e1s r\u00e1pido a los Servicios seleccionados. Si usted no desea que se guarden cookies en su navegador o prefiere recibir una informaci\u00f3n cada vez que una cookie solicite instalarse, puede configurar sus opciones de navegaci\u00f3n para que se haga de esa forma. La mayor parte de los navegadores permiten la gesti\u00f3n de las cookies de 3 formas diferentes: \r\n- Las cookies son siempre rechazadas;\r\n- El navegador pregunta si el usuario desea instalar cada cookie;\r\n- Las cookies son siempre aceptadas;\r\nSu navegador tambi\u00e9n puede incluir la posibilidad de seleccionar con detalle las cookies que desea que se instalen en su ordenador. En concreto, el usuario puede normalmente aceptar alguna de las siguientes opciones:\r\n- Rechazar las cookies de determinados dominios;\r\n- Rechazar las cookies de terceros;\r\n- Aceptar cookies como no persistentes (se eliminan cuando el navegador se cierra);\r\n- Permitir al servidor crear cookies para un dominio diferente.\r\nPara permitir, conocer, bloquear o eliminar las cookies instaladas en su equipo puede hacerlo mediante la configuraci\u00f3n de las opciones del navegador instalado en su ordenador.\r\nPuede encontrar informaci\u00f3n sobre c\u00f3mo configurar los navegadores m\u00e1s usados en las siguientes ubicaciones:\r\n<ul>\r\n<li>\r\n<span style=\"text-decoration: underline;\">Internet Explorer:<\/span> Herramientas -> Opciones de Internet -> Privacidad -> Configuraci\u00f3n. Para m\u00e1s informaci\u00f3n, puede consultar el soporte de Microsoft o la Ayuda del navegador.\r\n<\/li>\r\n<li>\r\n<span style=\"text-decoration: underline;\">Firefox:<\/span> Herramientas -> Opciones -> Privacidad -> Historial -> Configuraci\u00f3n Personalizada. Para\r\nm\u00e1s informaci\u00f3n, puede consultar el soporte de Mozilla o la Ayuda del navegador.\r\n<\/li>\r\n<li>\r\n<span style=\"text-decoration: underline;\">Chrome:<\/span> Configuraci\u00f3n -> Mostrar opciones avanzadas -> Privacidad -> Configuraci\u00f3n de\r\ncontenido. Para m\u00e1s informaci\u00f3n, puede consultar el soporte de Google o la Ayuda del navegador.\r\n<\/li>\r\n<li>\r\n<span style=\"text-decoration: underline;\">Safari:<\/span> Preferencias -> Seguridad. Para m\u00e1s informaci\u00f3n, puede consultar el soporte de Apple o la\r\nAyuda del navegador.\r\n<\/li>\r\n<\/ul>\r\nSi ha aceptado cargar las cookies de Google Analytics, tambi\u00e9n puede revocar en cualquier momento dicha aceptaci\u00f3n utilizando el \"Complemento de inhabilitaci\u00f3n para navegadores de Google Analytics\", accediendo a la siguiente p\u00e1gina web y siguiendo las instrucciones que ah\u00ed se detallan: \r\n<a target=\"_blank\" href=\"https:\/\/tools.google.com\/dlpage\/gaoptout?hl=es\" rel=\"noopener noreferrer\">https:\/\/tools.google.com\/dlpage\/gaoptout?hl=es<\/a>\r\n<\/div>[\/et_pb_text][\/et_pb_column][\/et_pb_row][\/et_pb_section]","_et_gb_content_width":"","footnotes":""},"class_list":["post-1947","page","type-page","status-publish","hentry"],"_links":{"self":[{"href":"https:\/\/artretail.com\/en\/wp-json\/wp\/v2\/pages\/1947","targetHints":{"allow":["GET"]}}],"collection":[{"href":"https:\/\/artretail.com\/en\/wp-json\/wp\/v2\/pages"}],"about":[{"href":"https:\/\/artretail.com\/en\/wp-json\/wp\/v2\/types\/page"}],"author":[{"embeddable":true,"href":"https:\/\/artretail.com\/en\/wp-json\/wp\/v2\/users\/1"}],"replies":[{"embeddable":true,"href":"https:\/\/artretail.com\/en\/wp-json\/wp\/v2\/comments?post=1947"}],"version-history":[{"count":3,"href":"https:\/\/artretail.com\/en\/wp-json\/wp\/v2\/pages\/1947\/revisions"}],"predecessor-version":[{"id":1951,"href":"https:\/\/artretail.com\/en\/wp-json\/wp\/v2\/pages\/1947\/revisions\/1951"}],"wp:attachment":[{"href":"https:\/\/artretail.com\/en\/wp-json\/wp\/v2\/media?parent=1947"}],"curies":[{"name":"wp","href":"https:\/\/api.w.org\/{rel}","templated":true}]}}