{"id":933,"date":"2020-05-20T14:55:56","date_gmt":"2020-05-20T14:55:56","guid":{"rendered":"http:\/\/artretail.com\/?page_id=933"},"modified":"2020-05-20T16:03:14","modified_gmt":"2020-05-20T16:03:14","slug":"about-us","status":"publish","type":"page","link":"https:\/\/artretail.com\/en\/about-us\/","title":{"rendered":"ABOUT US"},"content":{"rendered":"<p>[et_pb_section fb_built=&#8221;1&#8243; _builder_version=&#8221;4.4.5&#8243;][et_pb_row _builder_version=&#8221;4.4.5&#8243;][et_pb_column type=&#8221;4_4&#8243; _builder_version=&#8221;4.4.5&#8243;][et_pb_text admin_label=&#8221;ABOUT US&#8221; _builder_version=&#8221;4.4.5&#8243;]<\/p>\n<h1 style=\"text-align: center;\"><strong><span style=\"font-family: alegreya-sans-sc;\">ABOUT US<\/span><\/strong><\/h1>\n<div class=\"eds-animate edsanimate-sis-hidden \" data-eds-entry-animation=\"slideInLeft\" data-eds-entry-delay=\"0\" data-eds-entry-duration=\"2\" data-eds-entry-timing=\"ease\" data-eds-exit-animation=\"\" data-eds-exit-delay=\"\" data-eds-exit-duration=\"\" data-eds-exit-timing=\"\" data-eds-repeat-count=\"1\" data-eds-keep=\"yes\" data-eds-animate-on=\"load\" data-eds-scroll-offset=\"\">\n<p style=\"text-align: justify;\"><span style=\"font-family: alegreya-sans-sc; font-size: 12pt;\">Our company is specialized in design and full turnkey solutions for construction projects, refurbishments and updating of both real state and stores. We<br \/>\nwork together with a wide network of architects, engineers and artisans always ensuring a comprehensive customized high quality service. We provide our<br \/>\nservices to retailers and international companies willing to build update or remodel spaces all over Europe. We work in the retail sector and also in the<br \/>\nreal states sector. <\/span><\/div><\/p>\n<p>[\/et_pb_text][et_pb_image src=&#8221;http:\/\/artretail.com\/wp-content\/uploads\/2020\/05\/Art-Reatail-Quienes-somos.jpg&#8221; title_text=&#8221;Art-Reatail-Quienes-somos&#8221; _builder_version=&#8221;4.4.5&#8243;][\/et_pb_image][\/et_pb_column][\/et_pb_row][et_pb_row column_structure=&#8221;1_2,1_2&#8243; _builder_version=&#8221;4.4.5&#8243;][et_pb_column type=&#8221;1_2&#8243; _builder_version=&#8221;4.4.5&#8243;][et_pb_text admin_label=&#8221;Experience&#8221; _builder_version=&#8221;4.4.5&#8243;]<\/p>\n<hr \/>\n<h2 style=\"text-align: left;\"><span style=\"font-family: alegreya-sans-sc;\">Experience<\/span><\/h2>\n<p style=\"text-align: justify;\"><span style=\"font-family: alegreya-sans-sc; font-size: 12pt;\">Thanks to our 20 years\u2019 experience in architecture, interior design and building projects and execution \u2013 in retail and luxury international and local brands- we guarantee top quality projects execution with full security conditions in the minimum amount of time. We handle any aspect related to the project and the execution in a very effective and quickly way regarding both technically and administrative aspects all over the European Union. <\/span><\/p>\n<p>[\/et_pb_text][\/et_pb_column][et_pb_column type=&#8221;1_2&#8243; _builder_version=&#8221;4.4.5&#8243;][et_pb_text admin_label=&#8221;Filosof\u00eda&#8221; _builder_version=&#8221;4.4.5&#8243;]<\/p>\n<hr \/>\n<h2 style=\"text-align: left;\"><span style=\"font-family: alegreya-sans-sc;\">Work philosophy<\/span><\/h2>\n<p style=\"text-align: justify;\"><span style=\"font-family: alegreya-sans-sc; font-size: 12pt;\">We create a customize space always taking care of the needs and the<br \/>\nidentity of each customer. .<\/span><br \/><span style=\"font-family: alegreya-sans-sc; font-size: 12pt;\">We are always looking for new materials, new techniques and luxury finish on each work. Attention to detail, always fulfilling security protocols and energetic efficiency are key aspects when building stores, shops and real state.<\/span><br \/><span style=\"font-family: alegreya-sans-sc; font-size: 12pt;\"> Our aim is to create exclusive eco-friendly spaces with high quality finish and always fulfilling customer requirements<\/span><\/p>\n<p style=\"text-align: justify;\"><span style=\"font-family: alegreya-sans-sc; font-size: 12pt;\"><em>ArtRetail defines your ideas, turning concepts and projects into outstanding realities. <\/em><\/span><\/p>\n<p>[\/et_pb_text][\/et_pb_column][\/et_pb_row][et_pb_row _builder_version=&#8221;4.4.5&#8243;][et_pb_column type=&#8221;4_4&#8243; _builder_version=&#8221;4.4.5&#8243;][et_pb_image src=&#8221;http:\/\/artretail.com\/wp-content\/uploads\/2020\/05\/Artretail-clients-02.jpg&#8221; title_text=&#8221;Artretail-clients-02&#8243; _builder_version=&#8221;4.4.5&#8243;][\/et_pb_image][\/et_pb_column][\/et_pb_row][\/et_pb_section]<\/p>\n","protected":false},"excerpt":{"rendered":"<p>ABOUT US <div class=\"eds-animate edsanimate-sis-hidden \" data-eds-entry-animation=\"slideInLeft\" data-eds-entry-delay=\"0\" data-eds-entry-duration=\"2\" data-eds-entry-timing=\"ease\" data-eds-exit-animation=\"\" data-eds-exit-delay=\"\" data-eds-exit-duration=\"\" data-eds-exit-timing=\"\" data-eds-repeat-count=\"1\" data-eds-keep=\"yes\" data-eds-animate-on=\"load\" data-eds-scroll-offset=\"\"> Our company is specialized in design and full turnkey solutions for construction projects, refurbishments and updating of both real state and stores. We work together with [&hellip;]<\/p>\n","protected":false},"author":1,"featured_media":0,"parent":0,"menu_order":0,"comment_status":"closed","ping_status":"closed","template":"","meta":{"_et_pb_use_builder":"on","_et_pb_old_content":"[et_pb_section fb_built=\"1\" _builder_version=\"4.4.5\"][et_pb_row _builder_version=\"4.4.5\"][et_pb_column type=\"4_4\" _builder_version=\"4.4.5\"][et_pb_text admin_label=\"Qui\u00e9nes Somos\" _builder_version=\"4.4.5\"]<h1 style=\"text-align: center;\"><strong><span style=\"font-family: alegreya-sans-sc;\">Qui\u00e9nes Somos<\/span><\/strong><\/h1>\r\n<p>[edsanimate_start entry_animation_type= \"slideInLeft\" entry_delay= \"0\" entry_duration= \"2\" entry_timing= \"ease\" exit_animation_type= \"\" exit_delay= \"\" exit_duration= \"\" exit_timing= \"\" animation_repeat= \"1\" keep= \"yes\" animate_on= \"load\" scroll_offset= \"\" custom_css_class= \"\"]<\/p>\r\n<p style=\"text-align: justify;\"><span style=\"font-family: alegreya-sans-sc; font-size: 12pt;\">Somos una empresa especializada en el dise\u00f1o y la realizaci\u00f3n integral, \u201cllave en mano\u201d, de proyectos de construcci\u00f3n, reformas y rehabilitaci\u00f3n de espacios comerciales y residenciales. En colaboraci\u00f3n con una red de arquitectos, ingenieros y artesanos, trabajamos para garantizar un servicio global y personalizado de calidad. Atendemos a retailers y empresas internacionales que quieran construir, rehabilitar u organizar espacios en cualquier parte de Europa tanto en el sector profesional como residencial.<\/span>[edsanimate_end]<\/p>[\/et_pb_text][et_pb_image src=\"http:\/\/artretail.com\/wp-content\/uploads\/2020\/05\/Art-Reatail-Quienes-somos.jpg\" title_text=\"Art-Reatail-Quienes-somos\" _builder_version=\"4.4.5\"][\/et_pb_image][\/et_pb_column][\/et_pb_row][et_pb_row column_structure=\"1_2,1_2\" _builder_version=\"4.4.5\"][et_pb_column type=\"1_2\" _builder_version=\"4.4.5\"][et_pb_text admin_label=\"Experiencia\" _builder_version=\"4.4.5\"]<hr \/>\r\n<h2 style=\"text-align: left;\"><span style=\"font-family: alegreya-sans-sc;\">Experiencia<\/span><\/h2>\r\n<p style=\"text-align: justify;\"><span style=\"font-family: alegreya-sans-sc; font-size: 12pt;\">Nuestra experiencia de m\u00e1s de 20 a\u00f1os en arquitectura, interiorismo y ejecuci\u00f3n de obras enfocada en los sectores del retail y marcas de lujo locales e internacionales constituye la garant\u00eda de una ejecuci\u00f3n de proyectos en total seguridad con la m\u00e1xima calidad en un tiempo m\u00ednimo y avala nuestra capacidad en gestionar con rapidez cualquier tema relativo a proyectos y obras, tanto a nivel t\u00e9cnico como administrativo, en toda la uni\u00f3n europea.<\/span><\/p>[\/et_pb_text][\/et_pb_column][et_pb_column type=\"1_2\" _builder_version=\"4.4.5\"][et_pb_text admin_label=\"Filosof\u00eda\" _builder_version=\"4.4.5\"]<hr \/>\r\n<h2 style=\"text-align: left;\"><span style=\"font-family: alegreya-sans-sc;\">Filosof\u00eda<\/span><\/h2>\r\n<p style=\"text-align: justify;\"><span style=\"font-family: alegreya-sans-sc; font-size: 12pt;\">Respetando las necesidades y la identidad del cliente creamos un espacio personalizado.<\/span><br \/><span style=\"font-family: alegreya-sans-sc; font-size: 12pt;\"> La constante b\u00fasqueda de nuevos materiales, t\u00e9cnicas, acabados de lujo y la atenci\u00f3n particular al detalle en acuerdo con los protocolos de seguridad y ahorros energ\u00e9ticos constituyen los elementos fundamentales para la correcta realizaci\u00f3n de locales comerciales, profesionales y residencias.<\/span><br \/><span style=\"font-family: alegreya-sans-sc; font-size: 12pt;\"> Nuestro prop\u00f3sito se halla en proponer espacios exclusivos, ecosostenibles, con acabados de calidad y c\u00f3modos que se adecuan a los requisitos del cliente.<\/span><\/p>\r\n<p style=\"text-align: justify;\"><span style=\"font-family: alegreya-sans-sc; font-size: 12pt;\"><em>ArtReTail hace que sus ideas adquieran forma, que los conceptos y proyectos se conviertan en realidad.<\/em><\/span><\/p>[\/et_pb_text][\/et_pb_column][\/et_pb_row][et_pb_row _builder_version=\"4.4.5\"][et_pb_column type=\"4_4\" _builder_version=\"4.4.5\"][et_pb_image src=\"http:\/\/artretail.com\/wp-content\/uploads\/2020\/05\/Artretail-clients-02.jpg\" title_text=\"Artretail-clients-02\" _builder_version=\"4.4.5\"][\/et_pb_image][\/et_pb_column][\/et_pb_row][\/et_pb_section]","_et_gb_content_width":"","footnotes":""},"class_list":["post-933","page","type-page","status-publish","hentry"],"_links":{"self":[{"href":"https:\/\/artretail.com\/en\/wp-json\/wp\/v2\/pages\/933","targetHints":{"allow":["GET"]}}],"collection":[{"href":"https:\/\/artretail.com\/en\/wp-json\/wp\/v2\/pages"}],"about":[{"href":"https:\/\/artretail.com\/en\/wp-json\/wp\/v2\/types\/page"}],"author":[{"embeddable":true,"href":"https:\/\/artretail.com\/en\/wp-json\/wp\/v2\/users\/1"}],"replies":[{"embeddable":true,"href":"https:\/\/artretail.com\/en\/wp-json\/wp\/v2\/comments?post=933"}],"version-history":[{"count":8,"href":"https:\/\/artretail.com\/en\/wp-json\/wp\/v2\/pages\/933\/revisions"}],"predecessor-version":[{"id":999,"href":"https:\/\/artretail.com\/en\/wp-json\/wp\/v2\/pages\/933\/revisions\/999"}],"wp:attachment":[{"href":"https:\/\/artretail.com\/en\/wp-json\/wp\/v2\/media?parent=933"}],"curies":[{"name":"wp","href":"https:\/\/api.w.org\/{rel}","templated":true}]}}