{"id":948,"date":"2020-05-20T15:18:50","date_gmt":"2020-05-20T15:18:50","guid":{"rendered":"http:\/\/artretail.com\/?page_id=948"},"modified":"2020-06-01T09:08:38","modified_gmt":"2020-06-01T09:08:38","slug":"global-retail-projects","status":"publish","type":"page","link":"https:\/\/artretail.com\/en\/global-retail-projects\/","title":{"rendered":"Global Retail Projects"},"content":{"rendered":"<p>[et_pb_section fb_built=&#8221;1&#8243; _builder_version=&#8221;4.4.5&#8243; custom_padding=&#8221;||0px||false|false&#8221;][et_pb_row _builder_version=&#8221;4.4.5&#8243;][et_pb_column type=&#8221;4_4&#8243; _builder_version=&#8221;4.4.5&#8243;][et_pb_text admin_label=&#8221;Global Retail Projects&#8221; _builder_version=&#8221;4.4.5&#8243;]<\/p>\n<h1 style=\"text-align: center;\"><strong><span style=\"font-family: alegreya-sans-sc;\">Global Retail Projects<\/span><\/strong><\/h1>\n<p>[\/et_pb_text][\/et_pb_column][\/et_pb_row][et_pb_row column_structure=&#8221;1_3,1_3,1_3&#8243; _builder_version=&#8221;4.4.5&#8243;][et_pb_column type=&#8221;1_3&#8243; _builder_version=&#8221;4.4.5&#8243;][et_pb_text admin_label=&#8221;Global Retail Projects&#8221; _builder_version=&#8221;4.4.5&#8243;]<\/p>\n<div class=\"eds-animate edsanimate-sis-hidden \" data-eds-entry-animation=\"slideInLeft\" data-eds-entry-delay=\"0\" data-eds-entry-duration=\"2\" data-eds-entry-timing=\"ease\" data-eds-exit-animation=\"\" data-eds-exit-delay=\"\" data-eds-exit-duration=\"\" data-eds-exit-timing=\"\" data-eds-repeat-count=\"1\" data-eds-keep=\"yes\" data-eds-animate-on=\"load\" data-eds-scroll-offset=\"\">\n<h1><strong><span style=\"font-family: alegreya-sans-sc;\">Global Retail Projects<\/span><\/strong><\/h1>\n<h2><strong><span style=\"font-family: alegreya-sans-sc;\">Building and refurbishment: Stores<\/span><\/strong><\/h2>\n<p style=\"text-align: justify;\"><span style=\"font-family: alegreya-sans-sc;\"><em>We work together with a wide network of architects, engineers and artisans always ensuring the highest satisfaction of our clients.<\/em><\/span><\/p>\n<\/div>\n<p>[\/et_pb_text][\/et_pb_column][et_pb_column type=&#8221;1_3&#8243; _builder_version=&#8221;4.4.5&#8243;][et_pb_text admin_label=&#8221;Thanks to our full turnkey construction&#8221; _builder_version=&#8221;4.4.5&#8243;]<\/p>\n<div class=\"eds-animate edsanimate-sis-hidden \" data-eds-entry-animation=\"slideInRight\" data-eds-entry-delay=\"0\" data-eds-entry-duration=\"2.3\" data-eds-entry-timing=\"ease\" data-eds-exit-animation=\"\" data-eds-exit-delay=\"\" data-eds-exit-duration=\"\" data-eds-exit-timing=\"\" data-eds-repeat-count=\"1\" data-eds-keep=\"yes\" data-eds-animate-on=\"load\" data-eds-scroll-offset=\"\">\n<p style=\"text-align: justify;\"><span style=\"font-family: alegreya-sans-sc; font-size: 12pt;\">Thanks to our full turnkey construction solutions we give our customers comprehensive design and execution of the projects always accurate to the original concept and respecting customer\u2019s identity. We are able to carry out any project in retail accomplishing special requirements and deadlines thanks to our high qualified team and with just a few settled processes. We offer an excellence tailor-made service taking<br \/>\ncare of each detail in local and international projects. We guarantee due dates, high quality and full control during the execution of the project. We deal with legal administrative processes as well as with all permissions and licenses.<\/span><\/div><\/p>\n<p>[\/et_pb_text][\/et_pb_column][et_pb_column type=&#8221;1_3&#8243; _builder_version=&#8221;4.4.5&#8243;][et_pb_text admin_label=&#8221;Nuestro equipo de direcci\u00f3n de obra&#8221; _builder_version=&#8221;4.4.5&#8243;]<\/p>\n<div class=\"eds-animate edsanimate-sis-hidden \" data-eds-entry-animation=\"slideInRight\" data-eds-entry-delay=\"0\" data-eds-entry-duration=\"2.5\" data-eds-entry-timing=\"ease\" data-eds-exit-animation=\"\" data-eds-exit-delay=\"\" data-eds-exit-duration=\"\" data-eds-exit-timing=\"\" data-eds-repeat-count=\"1\" data-eds-keep=\"yes\" data-eds-animate-on=\"load\" data-eds-scroll-offset=\"\">\n<p style=\"text-align: justify;\"><span style=\"font-size: 12pt; font-family: alegreya-sans-sc;\">Our building engineers and coordination teams guarantee, until the launch, the proper operation of electrical installations, air conditioning, fire protection, security systems and perfect execution of locksmiths, plumbing, clean works and also bricklaying, carpentry, gypsum coating, furniture, etc. We currently work in Spain and France because of our bicultural background that makes possible a great communication with our customers. We also work in other European cities in Switzerland, Belgic, Italy, Portugal, Germany, England and many others.<\/span><\/p>\n<p style=\"text-align: justify;\"><\/div><\/p>\n<p>[\/et_pb_text][\/et_pb_column][\/et_pb_row][et_pb_row _builder_version=&#8221;4.4.5&#8243;][et_pb_column type=&#8221;4_4&#8243; _builder_version=&#8221;4.4.5&#8243;][et_pb_image src=&#8221;http:\/\/artretail.com\/wp-content\/uploads\/2020\/05\/Art-Retail-Global-Retail-Project-01.jpg&#8221; title_text=&#8221;Art-Retail-Global-Retail-Project-01&#8243; admin_label=&#8221;Imagen Maniqu\u00ed&#8221; _builder_version=&#8221;4.4.5&#8243;][\/et_pb_image][et_pb_image src=&#8221;http:\/\/artretail.com\/wp-content\/uploads\/2020\/05\/Art-Retail-Global-Retail-Project-02.jpg&#8221; title_text=&#8221;Art-Retail-Global-Retail-Project-02&#8243; admin_label=&#8221;Imagen dise\u00f1o&#8221; _builder_version=&#8221;4.4.5&#8243;][\/et_pb_image][\/et_pb_column][\/et_pb_row][et_pb_row _builder_version=&#8221;4.4.5&#8243;][et_pb_column type=&#8221;4_4&#8243; _builder_version=&#8221;4.4.5&#8243;][et_pb_text admin_label=&#8221;Our Values: Excellence and Quality&#8221; _builder_version=&#8221;4.4.5&#8243;]<\/p>\n<h2 style=\"text-align: center;\"><strong><a href=\"#valores\"><span style=\"font-family: alegreya-sans-sc;\">Our Values<\/span><\/a><\/strong><\/h2>\n<p>[\/et_pb_text][\/et_pb_column][\/et_pb_row][\/et_pb_section][et_pb_section fb_built=&#8221;1&#8243; _builder_version=&#8221;4.4.5&#8243; background_image=&#8221;https:\/\/artretail.com\/wp-content\/uploads\/2020\/05\/BG-Valores-3.jpg&#8221; custom_padding=&#8221;0px||0px||false|false&#8221; hover_enabled=&#8221;0&#8243;][et_pb_row column_structure=&#8221;1_2,1_2&#8243; module_id=&#8221;valores&#8221; _builder_version=&#8221;4.4.5&#8243; background_enable_image=&#8221;off&#8221; custom_padding=&#8221;0px||0px||false|false&#8221;][et_pb_column type=&#8221;1_2&#8243; _builder_version=&#8221;4.4.5&#8243;][et_pb_text admin_label=&#8221;Excelence&#8221; _builder_version=&#8221;4.4.5&#8243;]<\/p>\n<h2><strong><span style=\"font-family: alegreya-sans-sc;\">Excelence<\/span><\/strong><\/h2>\n<p><span style=\"font-family: alegreya-sans-sc; font-size: 12pt;\">We offer solutions for every step of the project as well as creative and sophisticated proposals with the latest techniques, fine materials and state of the art installations. We supervise and control all the process from the design of furniture prototypes to the execution of tailor made solutions for the retail sector including all exclusive ones for the luxury market.<\/span><\/p>\n<p>[\/et_pb_text][et_pb_text admin_label=&#8221;Job security &#8221; _builder_version=&#8221;4.4.5&#8243;]<\/p>\n<h2><strong><span style=\"font-family: alegreya-sans-sc;\">Job security <\/span><\/strong><\/h2>\n<p><span style=\"font-size: 12pt; font-family: alegreya-sans-sc;\">ArtReTail has zero tolerance with the unfullfilment of job security regulations that\u2019s why we fulfil local and European Union job security regulations in every case. Welfare and security at work is one our main concerns. <\/span><\/p>\n<p>[\/et_pb_text][\/et_pb_column][et_pb_column type=&#8221;1_2&#8243; _builder_version=&#8221;4.4.5&#8243;][et_pb_text admin_label=&#8221;Quality&#8221; _builder_version=&#8221;4.4.5&#8243;]<\/p>\n<h2><strong><span style=\"font-family: alegreya-sans-sc;\">Quality<\/span><\/strong><\/h2>\n<p><span style=\"font-size: 12pt; font-family: alegreya-sans-sc;\">We carefully choose authorized collaborators for each work with all the certifications and licenses required by each country where we work to ensure a high quality service during the works in no matter which European country.<\/span><span style=\"font-size: 12pt; font-family: alegreya-sans-sc;\">ArtReTail will take daily care of both aesthetic and technical side of the projects during all the execution process.<\/span><\/p>\n<p>[\/et_pb_text][et_pb_text admin_label=&#8221;Eco-Sostenibilidad&#8221; _builder_version=&#8221;4.4.5&#8243;]<\/p>\n<h2><strong><span style=\"font-family: alegreya-sans-sc;\">Eco-sustainability<\/span><\/strong><\/h2>\n<p><span style=\"font-size: 12pt; font-family: alegreya-sans-sc;\">We work ensuring the respect of eco-architecture and eco-sustainable building. That is the reason why we embrace energetic efficiency programs in all our works as well as official certifications for new constructions. That\u2019s how we create sustainable high quality spaces that offer low environmental impact solutions based on energetic efficiency. <\/span><\/p>\n<p>&nbsp;<\/p>\n<p>[\/et_pb_text][\/et_pb_column][\/et_pb_row][\/et_pb_section]<\/p>\n","protected":false},"excerpt":{"rendered":"<p>Global Retail Projects<div class=\"eds-animate edsanimate-sis-hidden \" data-eds-entry-animation=\"slideInLeft\" data-eds-entry-delay=\"0\" data-eds-entry-duration=\"2\" data-eds-entry-timing=\"ease\" data-eds-exit-animation=\"\" data-eds-exit-delay=\"\" data-eds-exit-duration=\"\" data-eds-exit-timing=\"\" data-eds-repeat-count=\"1\" data-eds-keep=\"yes\" data-eds-animate-on=\"load\" data-eds-scroll-offset=\"\"> Global Retail Projects Building and refurbishment: Stores We work together with a wide network of architects, engineers and artisans always ensuring the highest satisfaction of our [&hellip;]<\/p>\n","protected":false},"author":1,"featured_media":0,"parent":0,"menu_order":0,"comment_status":"closed","ping_status":"closed","template":"","meta":{"_et_pb_use_builder":"on","_et_pb_old_content":"[et_pb_section fb_built=\"1\" _builder_version=\"4.4.5\" custom_padding=\"||0px||false|false\"][et_pb_row _builder_version=\"4.4.5\"][et_pb_column type=\"4_4\" _builder_version=\"4.4.5\"][et_pb_text admin_label=\"Global Retail Projects\" _builder_version=\"4.4.5\"]<h1 style=\"text-align: center;\"><strong><span style=\"font-family: alegreya-sans-sc;\">Global Retail Projects<\/span><\/strong><\/h1>[\/et_pb_text][\/et_pb_column][\/et_pb_row][et_pb_row column_structure=\"1_3,1_3,1_3\" _builder_version=\"4.4.5\"][et_pb_column type=\"1_3\" _builder_version=\"4.4.5\"][et_pb_text admin_label=\"Global Retail Projects\" _builder_version=\"4.4.5\"]<p>[edsanimate_start entry_animation_type= \"slideInLeft\" entry_delay= \"0\" entry_duration= \"2\" entry_timing= \"ease\" exit_animation_type= \"\" exit_delay= \"\" exit_duration= \"\" exit_timing= \"\" animation_repeat= \"1\" keep= \"yes\" animate_on= \"load\" scroll_offset= \"\" custom_css_class= \"\"]<\/p>\r\n<h1><span style=\"font-family: alegreya-sans-sc;\">Global Retail Projects<\/span><\/h1>\r\n<h2><span style=\"font-family: alegreya-sans-sc;\">Construcci\u00f3n y reforma local comercial<\/span><\/h2>\r\n<p style=\"text-align: justify;\"><span style=\"font-family: alegreya-sans-sc;\"><em>Con la colaboraci\u00f3n de una amplia red de arquitectos, ingenieros y artesanos, trabajamos para conseguir la plena satisfacci\u00f3n de nuestros clientes.<\/em><\/span><\/p>\r\n<p>[edsanimate_end]<\/p>[\/et_pb_text][\/et_pb_column][et_pb_column type=\"1_3\" _builder_version=\"4.4.5\"][et_pb_text admin_label=\"Mediante el concepto\" _builder_version=\"4.4.5\"]<p>[edsanimate_start entry_animation_type= \"slideInRight\" entry_delay= \"0\" entry_duration= \"2.3\" entry_timing= \"ease\" exit_animation_type= \"\" exit_delay= \"\" exit_duration= \"\" exit_timing= \"\" animation_repeat= \"1\" keep= \"yes\" animate_on= \"load\" scroll_offset= \"\" custom_css_class= \"\"]<\/p>\r\n<p style=\"text-align: justify;\"><span style=\"font-family: alegreya-sans-sc; font-size: 12pt;\">Mediante el concepto \u201cllave en mano\u201d, ofrecemos un servicio integral de ejecuci\u00f3n de proyecto desde la idea hasta su materializaci\u00f3n, respetando con precisi\u00f3n el concepto y la identidad del cliente. Con unos procesos preestablecidos y la profesionalidad de nuestro equipo, podemos realizar cualquier concepto en el sector del retail, cumpliendo con especificidades y plazos. Todo a su medida, ofrecemos un servicio de excelencia en la realizaci\u00f3n de cada detalle tanto para sus proyectos locales como internacionales. Garantizamos plazos, calidad y control total durante el transcurso de la ejecuci\u00f3n del proyecto. Llevamos los procesos administrativos legales necesarios como permisos y licencias.<\/span>[edsanimate_end]<\/p>[\/et_pb_text][\/et_pb_column][et_pb_column type=\"1_3\" _builder_version=\"4.4.5\"][et_pb_text admin_label=\"Nuestro equipo de direcci\u00f3n de obra\" _builder_version=\"4.4.5\"]<p>[edsanimate_start entry_animation_type= \"slideInRight\" entry_delay= \"0\" entry_duration= \"2.5\" entry_timing= \"ease\" exit_animation_type= \"\" exit_delay= \"\" exit_duration= \"\" exit_timing= \"\" animation_repeat= \"1\" keep= \"yes\" animate_on= \"load\" scroll_offset= \"\" custom_css_class= \"\"]<\/p>\r\n<p style=\"text-align: justify;\"><span style=\"font-size: 12pt; font-family: alegreya-sans-sc;\">Nuestro equipo de direcci\u00f3n de obra y coordinaci\u00f3n garantiza, hasta la puesta en marcha, el correcto funcionamiento de las instalaciones el\u00e9ctricas, de climatizaci\u00f3n, protecci\u00f3n contra incendios, sistemas de seguridad y la perfecta ejecuci\u00f3n de los trabajos realizados en cerrajer\u00eda, fontaner\u00eda, limpieza, alba\u00f1iler\u00eda, carpinter\u00eda, cart\u00f3n-yeso, revestimientos, mobiliario, etc. ArtReTail opera en Espa\u00f1a y Francia, ya que la bi-cultura franco-espa\u00f1ola que nos caracteriza facilita el di\u00e1logo con nuestros clientes, as\u00ed como en las principales ciudades europeas, en Suiza, B\u00e9lgica, Italia, Portugal, Alemania, Inglaterra, etc.<\/span><\/p>\r\n<p style=\"text-align: justify;\">[edsanimate_end]<\/p>\r\n<p>\u00a0<\/p>\r\n<p>\u00a0<\/p>[\/et_pb_text][\/et_pb_column][\/et_pb_row][et_pb_row _builder_version=\"4.4.5\"][et_pb_column type=\"4_4\" _builder_version=\"4.4.5\"][et_pb_image src=\"https:\/\/artretail.com\/wp-content\/uploads\/2020\/05\/Art-Retail-Global-Retail-Project-01.jpg\" title_text=\"Art-Retail-Global-Retail-Project-01\" admin_label=\"Imagen Maniqu\u00ed\" _builder_version=\"4.4.5\"][\/et_pb_image][et_pb_image src=\"https:\/\/artretail.com\/wp-content\/uploads\/2020\/05\/Art-Retail-Global-Retail-Project-02.jpg\" title_text=\"Art-Retail-Global-Retail-Project-02\" admin_label=\"Imagen dise\u00f1o\" _builder_version=\"4.4.5\"][\/et_pb_image][\/et_pb_column][\/et_pb_row][et_pb_row _builder_version=\"4.4.5\"][et_pb_column type=\"4_4\" _builder_version=\"4.4.5\"][et_pb_text admin_label=\"Nuestros Valores: Excelencia y Calidad\" _builder_version=\"4.4.5\"]<h2 style=\"text-align: center;\"><a href=\"#valores\"><span style=\"font-family: alegreya-sans-sc;\">Nuestros Valores: Excelencia y Calidad<\/span><\/a><\/h2>[\/et_pb_text][\/et_pb_column][\/et_pb_row][\/et_pb_section][et_pb_section fb_built=\"1\" _builder_version=\"4.4.5\" background_image=\"https:\/\/artretail.com\/wp-content\/uploads\/2020\/05\/BG-Valores-3.jpg\" custom_padding=\"0px||0px||false|false\"][et_pb_row column_structure=\"1_2,1_2\" module_id=\"valores\" _builder_version=\"4.4.5\" background_enable_image=\"off\" custom_padding=\"0px||0px||false|false\"][et_pb_column type=\"1_2\" _builder_version=\"4.4.5\"][et_pb_text admin_label=\"Excelencia\" _builder_version=\"4.4.5\"]<h2><span style=\"font-family: alegreya-sans-sc;\">Excelencia<\/span><\/h2>\r\n<p><span style=\"font-family: alegreya-sans-sc; font-size: 12pt;\">Ofrecemos soluciones en cada etapa de la obra, as\u00ed como propuestas creativas y sofisticadas con t\u00e9cnicas vanguardistas, materiales nobles e instalaciones de \u00faltima generaci\u00f3n.<\/span><br \/><span style=\"font-family: alegreya-sans-sc; font-size: 12pt;\">Supervisamos la obra desde la creaci\u00f3n de prototipos de mobiliario hasta la ejecuci\u00f3n de soluciones adaptadas a cada tipo de espacio del sector del retail incluyendo realizaciones exclusivas para el segmento del lujo.<\/span><\/p>[\/et_pb_text][et_pb_text admin_label=\"Seguridad\" _builder_version=\"4.4.5\"]<h2><span style=\"font-family: alegreya-sans-sc;\">Seguridad<\/span><\/h2>\r\n<p><span style=\"font-size: 12pt; font-family: alegreya-sans-sc;\">ArtReTail exige el cumplimiento ejemplar de las normas de seguridad laboral en vigor en la legislaci\u00f3n de cada pa\u00eds y en base a las diferentes normativas europeas. Velamos con especial atenci\u00f3n al bienestar y la salud en el trabajo.<\/span><\/p>[\/et_pb_text][\/et_pb_column][et_pb_column type=\"1_2\" _builder_version=\"4.4.5\"][et_pb_text admin_label=\"Calidad\" _builder_version=\"4.4.5\"]<h2><span style=\"font-family: alegreya-sans-sc;\">Calidad<\/span><\/h2>\r\n<p><span style=\"font-size: 12pt; font-family: alegreya-sans-sc;\">La selecci\u00f3n de colaboradores operativos acreditados y poseedores de todas las certificaciones y permisos necesarios para operar en el pa\u00eds de referencia garantiza un servicio de calidad durante la ejecuci\u00f3n de la obra en cualquier pa\u00eds europeo.<\/span><br \/><span style=\"font-size: 12pt; font-family: alegreya-sans-sc;\">Durante el proceso de realizaci\u00f3n del proyecto, ArtReTail cuidar\u00e1 diariamente tanto de la parte est\u00e9tica como la t\u00e9cnica.<\/span><\/p>[\/et_pb_text][et_pb_text admin_label=\"Eco-Sostenibilidad\" _builder_version=\"4.4.5\"]<h2><span style=\"font-family: alegreya-sans-sc;\">Eco-Sostenibilidad<\/span><\/h2>\r\n<p><span style=\"font-size: 12pt; font-family: alegreya-sans-sc;\">Trabajamos desde el respeto de los principios de la arquitectura y construcci\u00f3n sostenibles integrando en nuestra actividad los programas de eficiencia energ\u00e9tica, eco-construcci\u00f3n y certificaciones oficiales aplicables a edificaciones de nueva construcci\u00f3n. As\u00ed, creamos espacios sostenibles de calidad que ofrecen soluciones de bajo impacto ambiental basadas en la eficiencia energ\u00e9tica.<\/span><\/p>\r\n<p>\u00a0<\/p>[\/et_pb_text][\/et_pb_column][\/et_pb_row][\/et_pb_section]","_et_gb_content_width":"","footnotes":""},"class_list":["post-948","page","type-page","status-publish","hentry"],"_links":{"self":[{"href":"https:\/\/artretail.com\/en\/wp-json\/wp\/v2\/pages\/948","targetHints":{"allow":["GET"]}}],"collection":[{"href":"https:\/\/artretail.com\/en\/wp-json\/wp\/v2\/pages"}],"about":[{"href":"https:\/\/artretail.com\/en\/wp-json\/wp\/v2\/types\/page"}],"author":[{"embeddable":true,"href":"https:\/\/artretail.com\/en\/wp-json\/wp\/v2\/users\/1"}],"replies":[{"embeddable":true,"href":"https:\/\/artretail.com\/en\/wp-json\/wp\/v2\/comments?post=948"}],"version-history":[{"count":12,"href":"https:\/\/artretail.com\/en\/wp-json\/wp\/v2\/pages\/948\/revisions"}],"predecessor-version":[{"id":1818,"href":"https:\/\/artretail.com\/en\/wp-json\/wp\/v2\/pages\/948\/revisions\/1818"}],"wp:attachment":[{"href":"https:\/\/artretail.com\/en\/wp-json\/wp\/v2\/media?parent=948"}],"curies":[{"name":"wp","href":"https:\/\/api.w.org\/{rel}","templated":true}]}}