{"id":1500,"date":"2020-05-26T14:40:53","date_gmt":"2020-05-26T14:40:53","guid":{"rendered":"http:\/\/artretail.com\/?page_id=1500"},"modified":"2020-05-26T14:44:51","modified_gmt":"2020-05-26T14:44:51","slug":"accueil","status":"publish","type":"page","link":"https:\/\/artretail.com\/fr\/","title":{"rendered":"ACCUEIL"},"content":{"rendered":"<p>[et_pb_section fb_built=\u00a0\u00bb1&Prime; _builder_version=\u00a0\u00bb4.4.5&Prime;][et_pb_row _builder_version=\u00a0\u00bb4.4.5&Prime;][et_pb_column type=\u00a0\u00bb4_4&Prime; _builder_version=\u00a0\u00bb4.4.5&Prime;][et_pb_text admin_label=\u00a0\u00bb Conception et r\u00e9alisation int\u00e9grales\u00a0\u00bb _builder_version=\u00a0\u00bb4.4.5&Prime; hover_enabled=\u00a0\u00bb0&Prime;]<\/p>\n<div class=\"eds-animate edsanimate-sis-hidden \" data-eds-entry-animation=\"fadeInDown\" data-eds-entry-delay=\"1\" data-eds-entry-duration=\"0.5\" data-eds-entry-timing=\"linear\" data-eds-exit-animation=\"\" data-eds-exit-delay=\"\" data-eds-exit-duration=\"\" data-eds-exit-timing=\"\" data-eds-repeat-count=\"1\" data-eds-keep=\"yes\" data-eds-animate-on=\"load\" data-eds-scroll-offset=\"\">\n<p style=\"text-align: center;\"><span style=\"font-size: 12pt; font-family: alegreya-sans-sc;\">Architecture et design d\u2019int\u00e9rieur R\u00e9alisationint\u00e9grale clef-en-main de projets de<\/span><br \/><span style=\"font-size: 12pt; font-family: alegreya-sans-sc;\"> construction et r\u00e9novation Construction et agencement d\u2019espaces commerciaux et r\u00e9sidentiels<\/span><\/p>\n<\/div>\n<p>[\/et_pb_text][\/et_pb_column][\/et_pb_row][\/et_pb_section][et_pb_section fb_built=\u00a0\u00bb1&Prime; module_id=\u00a0\u00bbg-project\u00a0\u00bb _builder_version=\u00a0\u00bb4.4.5&Prime; background_color=\u00a0\u00bb#f5f5f5&Prime; custom_padding=\u00a0\u00bb0px||0px||false|false\u00a0\u00bb][et_pb_row module_id=\u00a0\u00bbproject\u00a0\u00bb _builder_version=\u00a0\u00bb4.4.5&Prime;][et_pb_column type=\u00a0\u00bb4_4&Prime; _builder_version=\u00a0\u00bb4.4.5&Prime;][et_pb_text admin_label=\u00a0\u00bb- Global Retail Projects &#8211;\u00a0\u00bb _builder_version=\u00a0\u00bb4.4.5&Prime;]<\/p>\n<h2 style=\"text-align: center;\"><strong><span style=\"font-family: alegreya-sans-sc;\">&#8211; Global Retail Projects &#8211;<\/span><\/strong><\/h2>\n<p>[\/et_pb_text][\/et_pb_column][\/et_pb_row][\/et_pb_section][et_pb_section fb_built=\u00a0\u00bb1&Prime; module_id=\u00a0\u00bbconstruccion-y-reformas\u00a0\u00bb _builder_version=\u00a0\u00bb4.4.5&Prime; background_enable_image=\u00a0\u00bboff\u00a0\u00bb][et_pb_row module_id=\u00a0\u00bbcaja-boton\u00a0\u00bb _builder_version=\u00a0\u00bb4.4.5&Prime;][et_pb_column type=\u00a0\u00bb4_4&Prime; _builder_version=\u00a0\u00bb4.4.5&Prime;][et_pb_button button_url=\u00a0\u00bbhttp:\/\/artretail.com\/global-retail-projects\/\u00a0\u00bb button_text=\u00a0\u00bbConstruction y agencement : Local commercial\u00a0\u00bb button_alignment=\u00a0\u00bbcenter\u00a0\u00bb admin_label=\u00a0\u00bbConstruction y agencement : Local commercial\u00a0\u00bb _builder_version=\u00a0\u00bb4.4.5&Prime; custom_button=\u00a0\u00bbon\u00a0\u00bb button_text_color=\u00a0\u00bb#1d2028&Prime; button_border_width=\u00a0\u00bb1px\u00a0\u00bb button_border_color=\u00a0\u00bb#1d2028&Prime; button_border_radius=\u00a0\u00bb0px\u00a0\u00bb button_font=\u00a0\u00bbAlegreya SC||||||||\u00a0\u00bb button_use_icon=\u00a0\u00bboff\u00a0\u00bb custom_padding=\u00a0\u00bb26px|26px|26px|26px|false|false\u00a0\u00bb hover_enabled=\u00a0\u00bb0&Prime; custom_css_main_element=\u00a0\u00bbbackground-color: rgba(255, 255, 255, 0.7) !important;||font-size: 18px !important;||text-align: center !important;||font-style: normal !important;||font-weight: normal !important;||line-height: 1em !important;||box-sizing: border-box !important;\u00a0\u00bb button_bg_color__hover_enabled=\u00a0\u00bbon|hover\u00a0\u00bb button_bg_color__hover=\u00a0\u00bb#ffffff\u00a0\u00bb button_bg_enable_color__hover=\u00a0\u00bbon\u00a0\u00bb][\/et_pb_button][\/et_pb_column][\/et_pb_row][et_pb_row _builder_version=\u00a0\u00bb4.4.5&Prime;][et_pb_column type=\u00a0\u00bb4_4&Prime; _builder_version=\u00a0\u00bb4.4.5&Prime;][et_pb_text admin_label=\u00a0\u00bbEspacio en blanco\u00a0\u00bb _builder_version=\u00a0\u00bb4.4.5&Prime;]<\/p>\n<p>&nbsp;<\/p>\n<p>&nbsp;<\/p>\n<p>&nbsp;<\/p>\n<p>&nbsp;<\/p>\n<p>&nbsp;<\/p>\n<p>&nbsp;<\/p>\n<p>&nbsp;<\/p>\n<p>&nbsp;<\/p>\n<p>&nbsp;<\/p>\n<p>[\/et_pb_text][\/et_pb_column][\/et_pb_row][\/et_pb_section][et_pb_section fb_built=\u00a0\u00bb1&Prime; module_id=\u00a0\u00bbiar\u00a0\u00bb _builder_version=\u00a0\u00bb4.4.5&Prime; background_color=\u00a0\u00bb#ebebeb\u00a0\u00bb custom_padding=\u00a0\u00bb0px||0px||false|false\u00a0\u00bb][et_pb_row _builder_version=\u00a0\u00bb4.4.5&Prime;][et_pb_column type=\u00a0\u00bb4_4&Prime; _builder_version=\u00a0\u00bb4.4.5&Prime;][et_pb_text admin_label=\u00a0\u00bb- Interior Art Design &#8211;\u00a0\u00bb _builder_version=\u00a0\u00bb4.4.5&Prime;]<\/p>\n<h2 style=\"text-align: center;\"><strong><span style=\"font-family: alegreya-sans-sc;\">&#8211; Interior Art Design &#8211;<\/span><\/strong><\/h2>\n<p>[\/et_pb_text][\/et_pb_column][\/et_pb_row][\/et_pb_section][et_pb_section fb_built=\u00a0\u00bb1&Prime; module_id=\u00a0\u00bbdiseno-y-realizacion\u00a0\u00bb _builder_version=\u00a0\u00bb4.4.5&Prime; background_enable_image=\u00a0\u00bboff\u00a0\u00bb][et_pb_row module_id=\u00a0\u00bbcaja-boton\u00a0\u00bb _builder_version=\u00a0\u00bb4.4.5&Prime;][et_pb_column type=\u00a0\u00bb4_4&Prime; _builder_version=\u00a0\u00bb4.4.5&Prime;][et_pb_button button_url=\u00a0\u00bbhttp:\/\/artretail.com\/interior-art-design\/\u00a0\u00bb button_text=\u00a0\u00bbArchitecture et design d\u2019int\u00e9rieur, r\u00e9alisation de projets : R\u00e9sidentiel et professionnel\u00a0\u00bb button_alignment=\u00a0\u00bbcenter\u00a0\u00bb admin_label=\u00a0\u00bbArchitecture et design d\u2019int\u00e9rieur, r\u00e9alisation de projets : R\u00e9sidentiel et professionnel\u00a0\u00bb _builder_version=\u00a0\u00bb4.4.5&Prime; custom_button=\u00a0\u00bbon\u00a0\u00bb button_text_color=\u00a0\u00bb#1d2028&Prime; button_border_width=\u00a0\u00bb1px\u00a0\u00bb button_border_color=\u00a0\u00bb#1d2028&Prime; button_border_radius=\u00a0\u00bb0px\u00a0\u00bb button_font=\u00a0\u00bbAlegreya SC||||||||\u00a0\u00bb button_use_icon=\u00a0\u00bboff\u00a0\u00bb custom_padding=\u00a0\u00bb26px|26px|26px|26px|false|false\u00a0\u00bb hover_enabled=\u00a0\u00bb0&Prime; custom_css_main_element=\u00a0\u00bbbackground-color: rgba(255, 255, 255, 0.7) !important;||font-size: 18px !important;||text-align: center !important;||font-style: normal !important;||font-weight: normal !important;||line-height: 1em !important;||box-sizing: border-box !important;\u00a0\u00bb button_bg_color__hover_enabled=\u00a0\u00bbon|hover\u00a0\u00bb button_bg_color__hover=\u00a0\u00bb#ffffff\u00a0\u00bb button_bg_enable_color__hover=\u00a0\u00bbon\u00a0\u00bb][\/et_pb_button][\/et_pb_column][\/et_pb_row][et_pb_row _builder_version=\u00a0\u00bb4.4.5&Prime;][et_pb_column type=\u00a0\u00bb4_4&Prime; _builder_version=\u00a0\u00bb4.4.5&Prime;][et_pb_text admin_label=\u00a0\u00bbEspacio en blanco\u00a0\u00bb _builder_version=\u00a0\u00bb4.4.5&Prime;]<\/p>\n<p>&nbsp;<\/p>\n<p>&nbsp;<\/p>\n<p>&nbsp;<\/p>\n<p>&nbsp;<\/p>\n<p>&nbsp;<\/p>\n<p>&nbsp;<\/p>\n<p>&nbsp;<\/p>\n<p>&nbsp;<\/p>\n<p>&nbsp;<\/p>\n<p>[\/et_pb_text][\/et_pb_column][\/et_pb_row][\/et_pb_section][et_pb_section fb_built=\u00a0\u00bb1&Prime; module_id=\u00a0\u00bbsn\u00a0\u00bb _builder_version=\u00a0\u00bb4.4.5&Prime; background_color=\u00a0\u00bb#e3e3e3&Prime; custom_padding=\u00a0\u00bb0px||0px||false|false\u00a0\u00bb][et_pb_row _builder_version=\u00a0\u00bb4.4.5&Prime;][et_pb_column type=\u00a0\u00bb4_4&Prime; _builder_version=\u00a0\u00bb4.4.5&Prime;][et_pb_text admin_label=\u00a0\u00bb- Sobre Nosotros &#8211;\u00a0\u00bb _builder_version=\u00a0\u00bb4.4.5&Prime; hover_enabled=\u00a0\u00bb0&Prime;]<\/p>\n<h2 style=\"text-align: center;\"><strong><span style=\"font-family: alegreya-sans-sc;\">&#8211; NOTRE PROFIL &#8211;<\/span><\/strong><\/h2>\n<p>[\/et_pb_text][\/et_pb_column][\/et_pb_row][\/et_pb_section][et_pb_section fb_built=\u00a0\u00bb1&Prime; module_id=\u00a0\u00bbquienes-somos\u00a0\u00bb _builder_version=\u00a0\u00bb4.4.5&Prime; background_enable_image=\u00a0\u00bboff\u00a0\u00bb parallax=\u00a0\u00bbon\u00a0\u00bb][et_pb_row module_id=\u00a0\u00bbcaja-boton\u00a0\u00bb _builder_version=\u00a0\u00bb4.4.5&Prime;][et_pb_column type=\u00a0\u00bb4_4&Prime; _builder_version=\u00a0\u00bb4.4.5&Prime;][et_pb_button button_url=\u00a0\u00bbhttp:\/\/artretail.com\/quienes-somos\/\u00a0\u00bb button_text=\u00a0\u00bbQui sommes-nous et comment travaillons-nous\u00a0\u00bb button_alignment=\u00a0\u00bbcenter\u00a0\u00bb admin_label=\u00a0\u00bbQui sommes-nous et comment travaillons-nous\u00a0\u00bb _builder_version=\u00a0\u00bb4.4.5&Prime; custom_button=\u00a0\u00bbon\u00a0\u00bb button_text_color=\u00a0\u00bb#1d2028&Prime; button_border_width=\u00a0\u00bb1px\u00a0\u00bb button_border_color=\u00a0\u00bb#1d2028&Prime; button_border_radius=\u00a0\u00bb0px\u00a0\u00bb button_font=\u00a0\u00bbAlegreya SC||||||||\u00a0\u00bb button_use_icon=\u00a0\u00bboff\u00a0\u00bb custom_padding=\u00a0\u00bb26px|26px|26px|26px|false|false\u00a0\u00bb hover_enabled=\u00a0\u00bb0&Prime; custom_css_main_element=\u00a0\u00bbbackground-color: rgba(255, 255, 255, 0.7) !important;||font-size: 18px !important;||text-align: center !important;||font-style: normal !important;||font-weight: normal !important;||line-height: 1em !important;||box-sizing: border-box !important;\u00a0\u00bb button_bg_color__hover_enabled=\u00a0\u00bbon|hover\u00a0\u00bb button_bg_color__hover=\u00a0\u00bb#ffffff\u00a0\u00bb button_bg_enable_color__hover=\u00a0\u00bbon\u00a0\u00bb][\/et_pb_button][\/et_pb_column][\/et_pb_row][et_pb_row _builder_version=\u00a0\u00bb4.4.5&Prime;][et_pb_column type=\u00a0\u00bb4_4&Prime; _builder_version=\u00a0\u00bb4.4.5&Prime;][et_pb_text admin_label=\u00a0\u00bbEspacio en blanco\u00a0\u00bb _builder_version=\u00a0\u00bb4.4.5&Prime;]<\/p>\n<p>&nbsp;<\/p>\n<p>&nbsp;<\/p>\n<p>&nbsp;<\/p>\n<p>&nbsp;<\/p>\n<p>&nbsp;<\/p>\n<p>&nbsp;<\/p>\n<p>&nbsp;<\/p>\n<p>&nbsp;<\/p>\n<p>&nbsp;<\/p>\n<p>[\/et_pb_text][\/et_pb_column][\/et_pb_row][\/et_pb_section][et_pb_section fb_built=\u00a0\u00bb1&Prime; module_id=\u00a0\u00bbcontacto\u00a0\u00bb _builder_version=\u00a0\u00bb4.4.5&Prime; background_color=\u00a0\u00bb#d6d6d6&Prime; custom_padding=\u00a0\u00bb0px||0px||false|false\u00a0\u00bb][et_pb_row _builder_version=\u00a0\u00bb4.4.5&Prime;][et_pb_column type=\u00a0\u00bb4_4&Prime; _builder_version=\u00a0\u00bb4.4.5&Prime;][et_pb_text admin_label=\u00a0\u00bb- Contact &#8211;\u00a0\u00bb _builder_version=\u00a0\u00bb4.4.5&Prime; hover_enabled=\u00a0\u00bb0&Prime;]<\/p>\n<h2 style=\"text-align: center;\"><strong><span style=\"font-family: alegreya-sans-sc;\">&#8211; Contact &#8211;<\/span><\/strong><\/h2>\n<p>[\/et_pb_text][\/et_pb_column][\/et_pb_row][\/et_pb_section][et_pb_section fb_built=\u00a0\u00bb1&Prime; module_id=\u00a0\u00bbhablamos\u00a0\u00bb _builder_version=\u00a0\u00bb4.4.5&Prime; background_enable_image=\u00a0\u00bboff\u00a0\u00bb parallax=\u00a0\u00bbon\u00a0\u00bb][et_pb_row module_id=\u00a0\u00bbcaja-boton\u00a0\u00bb _builder_version=\u00a0\u00bb4.4.5&Prime;][et_pb_column type=\u00a0\u00bb4_4&Prime; _builder_version=\u00a0\u00bb4.4.5&Prime;][et_pb_button button_url=\u00a0\u00bbhttp:\/\/artretail.com\/contacto\/\u00a0\u00bb button_text=\u00a0\u00bbContactez-nous !\u00a0\u00bb button_alignment=\u00a0\u00bbcenter\u00a0\u00bb admin_label=\u00a0\u00bbContactez-nous !\u00a0\u00bb _builder_version=\u00a0\u00bb4.4.5&Prime; custom_button=\u00a0\u00bbon\u00a0\u00bb button_text_color=\u00a0\u00bb#1d2028&Prime; button_border_width=\u00a0\u00bb1px\u00a0\u00bb button_border_color=\u00a0\u00bb#1d2028&Prime; button_border_radius=\u00a0\u00bb0px\u00a0\u00bb button_font=\u00a0\u00bbAlegreya SC||||||||\u00a0\u00bb button_use_icon=\u00a0\u00bboff\u00a0\u00bb custom_padding=\u00a0\u00bb26px|26px|26px|26px|false|false\u00a0\u00bb hover_enabled=\u00a0\u00bb0&Prime; custom_css_main_element=\u00a0\u00bbbackground-color: rgba(255, 255, 255, 0.7) !important;||font-size: 18px !important;||text-align: center !important;||font-style: normal !important;||font-weight: normal !important;||line-height: 1em !important;||box-sizing: border-box !important;\u00a0\u00bb button_bg_color__hover_enabled=\u00a0\u00bbon|hover\u00a0\u00bb button_bg_color__hover=\u00a0\u00bb#ffffff\u00a0\u00bb button_bg_enable_color__hover=\u00a0\u00bbon\u00a0\u00bb][\/et_pb_button][\/et_pb_column][\/et_pb_row][et_pb_row _builder_version=\u00a0\u00bb4.4.5&Prime;][et_pb_column type=\u00a0\u00bb4_4&Prime; _builder_version=\u00a0\u00bb4.4.5&Prime;][et_pb_text admin_label=\u00a0\u00bbEspacio en blanco\u00a0\u00bb _builder_version=\u00a0\u00bb4.4.5&Prime;]<\/p>\n<p>&nbsp;<\/p>\n<p>&nbsp;<\/p>\n<p>&nbsp;<\/p>\n<p>&nbsp;<\/p>\n<p>&nbsp;<\/p>\n<p>&nbsp;<\/p>\n<p>&nbsp;<\/p>\n<p>&nbsp;<\/p>\n<p>&nbsp;<\/p>\n<p>[\/et_pb_text][\/et_pb_column][\/et_pb_row][\/et_pb_section]<\/p>\n","protected":false},"excerpt":{"rendered":"<p><div class=\"eds-animate edsanimate-sis-hidden \" data-eds-entry-animation=\"fadeInDown\" data-eds-entry-delay=\"1\" data-eds-entry-duration=\"0.5\" data-eds-entry-timing=\"linear\" data-eds-exit-animation=\"\" data-eds-exit-delay=\"\" data-eds-exit-duration=\"\" data-eds-exit-timing=\"\" data-eds-repeat-count=\"1\" data-eds-keep=\"yes\" data-eds-animate-on=\"load\" data-eds-scroll-offset=\"\"> Architecture et design d\u2019int\u00e9rieur R\u00e9alisationint\u00e9grale clef-en-main de projets de construction et r\u00e9novation Construction et agencement d\u2019espaces commerciaux et r\u00e9sidentiels <\/div> &#8211; Global Retail Projects &#8211;&nbsp; &nbsp; &nbsp; &nbsp; [&hellip;]<\/p>\n","protected":false},"author":1,"featured_media":0,"parent":0,"menu_order":0,"comment_status":"closed","ping_status":"closed","template":"","meta":{"_et_pb_use_builder":"on","_et_pb_old_content":"[et_pb_section fb_built=\"1\" _builder_version=\"4.4.5\"][et_pb_row _builder_version=\"4.4.5\"][et_pb_column type=\"4_4\" _builder_version=\"4.4.5\"][et_pb_text admin_label=\"Dise\u00f1o y realizaci\u00f3n integral\" _builder_version=\"4.4.5\"]<p>[edsanimate_start entry_animation_type= \"fadeInDown\" entry_delay= \"1\" entry_duration= \"0.5\" entry_timing= \"linear\" exit_animation_type= \"\" exit_delay= \"\" exit_duration= \"\" exit_timing= \"\" animation_repeat= \"1\" keep= \"yes\" animate_on= \"load\" scroll_offset= \"\" custom_css_class= \"\"]<\/p>\r\n<p style=\"text-align: center;\"><span style=\"font-size: 12pt; font-family: alegreya-sans-sc;\">Dise\u00f1o y realizaci\u00f3n integral, \"llave en mano\", de proyectos de<\/span><br \/><span style=\"font-size: 12pt; font-family: alegreya-sans-sc;\"> construcci\u00f3n, reformas y rehabilitaci\u00f3n de espacios comerciales y residenciales.<\/span><\/p>\r\n<p>[edsanimate_end]<\/p>[\/et_pb_text][\/et_pb_column][\/et_pb_row][\/et_pb_section][et_pb_section fb_built=\"1\" module_id=\"g-project\" _builder_version=\"4.4.5\" background_color=\"#f5f5f5\" custom_padding=\"0px||0px||false|false\"][et_pb_row module_id=\"project\" _builder_version=\"4.4.5\"][et_pb_column type=\"4_4\" _builder_version=\"4.4.5\"][et_pb_text admin_label=\"- Global Retail Projects -\" _builder_version=\"4.4.5\"]<h2 style=\"text-align: center;\"><strong><span style=\"font-family: alegreya-sans-sc;\">- Global Retail Projects -<\/span><\/strong><\/h2>[\/et_pb_text][\/et_pb_column][\/et_pb_row][\/et_pb_section][et_pb_section fb_built=\"1\" module_id=\"construccion-y-reformas\" _builder_version=\"4.4.5\" background_enable_image=\"off\"][et_pb_row module_id=\"caja-boton\" _builder_version=\"4.4.5\"][et_pb_column type=\"4_4\" _builder_version=\"4.4.5\"][et_pb_button button_url=\"http:\/\/artretail.com\/global-retail-projects\/\" button_text=\"Construcci\u00f3n y Reformas: Local comercial\" button_alignment=\"center\" admin_label=\"Construcci\u00f3n y Reformas: Local comercial\" _builder_version=\"4.4.5\" custom_button=\"on\" button_text_color=\"#1d2028\" button_border_width=\"1px\" button_border_color=\"#1d2028\" button_border_radius=\"0px\" button_font=\"Alegreya SC||||||||\" button_use_icon=\"off\" custom_padding=\"26px|26px|26px|26px|false|false\" custom_css_main_element=\"background-color: rgba(255, 255, 255, 0.7) !important;||font-size: 18px !important;||text-align: center !important;||font-style: normal !important;||font-weight: normal !important;||line-height: 1em !important;||box-sizing: border-box !important;\" button_bg_color__hover_enabled=\"on|hover\" button_bg_color__hover=\"#ffffff\" button_bg_enable_color__hover=\"on\"][\/et_pb_button][\/et_pb_column][\/et_pb_row][et_pb_row _builder_version=\"4.4.5\"][et_pb_column type=\"4_4\" _builder_version=\"4.4.5\"][et_pb_text admin_label=\"Espacio en blanco\" _builder_version=\"4.4.5\"]<p>\u00a0<\/p>\r\n<p>\u00a0<\/p>\r\n<p>\u00a0<\/p>\r\n<p>\u00a0<\/p>\r\n<p>\u00a0<\/p>\r\n<p>\u00a0<\/p>\r\n<p>\u00a0<\/p>\r\n<p>\u00a0<\/p>\r\n<p>\u00a0<\/p>[\/et_pb_text][\/et_pb_column][\/et_pb_row][\/et_pb_section][et_pb_section fb_built=\"1\" module_id=\"iar\" _builder_version=\"4.4.5\" background_color=\"#ebebeb\" custom_padding=\"0px||0px||false|false\"][et_pb_row _builder_version=\"4.4.5\"][et_pb_column type=\"4_4\" _builder_version=\"4.4.5\"][et_pb_text admin_label=\"- Interior Art Design -\" _builder_version=\"4.4.5\"]<h2 style=\"text-align: center;\"><strong><span style=\"font-family: alegreya-sans-sc;\">- Interior Art Design -<\/span><\/strong><\/h2>[\/et_pb_text][\/et_pb_column][\/et_pb_row][\/et_pb_section][et_pb_section fb_built=\"1\" module_id=\"diseno-y-realizacion\" _builder_version=\"4.4.5\" background_enable_image=\"off\"][et_pb_row module_id=\"caja-boton\" _builder_version=\"4.4.5\"][et_pb_column type=\"4_4\" _builder_version=\"4.4.5\"][et_pb_button button_url=\"http:\/\/artretail.com\/interior-art-design\/\" button_text=\"Dise\u00f1o y Realizaci\u00f3n de Espacios Interiores:  Residencial y Profesional\" button_alignment=\"center\" admin_label=\"Dise\u00f1o y Realizaci\u00f3n de Espacios Interiores: Residencial y Profesional\" _builder_version=\"4.4.5\" custom_button=\"on\" button_text_color=\"#1d2028\" button_border_width=\"1px\" button_border_color=\"#1d2028\" button_border_radius=\"0px\" button_font=\"Alegreya SC||||||||\" button_use_icon=\"off\" custom_padding=\"26px|26px|26px|26px|false|false\" custom_css_main_element=\"background-color: rgba(255, 255, 255, 0.7) !important;||font-size: 18px !important;||text-align: center !important;||font-style: normal !important;||font-weight: normal !important;||line-height: 1em !important;||box-sizing: border-box !important;\" button_bg_color__hover_enabled=\"on|hover\" button_bg_color__hover=\"#ffffff\" button_bg_enable_color__hover=\"on\"][\/et_pb_button][\/et_pb_column][\/et_pb_row][et_pb_row _builder_version=\"4.4.5\"][et_pb_column type=\"4_4\" _builder_version=\"4.4.5\"][et_pb_text admin_label=\"Espacio en blanco\" _builder_version=\"4.4.5\"]<p>\u00a0<\/p>\r\n<p>\u00a0<\/p>\r\n<p>\u00a0<\/p>\r\n<p>\u00a0<\/p>\r\n<p>\u00a0<\/p>\r\n<p>\u00a0<\/p>\r\n<p>\u00a0<\/p>\r\n<p>\u00a0<\/p>\r\n<p>\u00a0<\/p>[\/et_pb_text][\/et_pb_column][\/et_pb_row][\/et_pb_section][et_pb_section fb_built=\"1\" module_id=\"sn\" _builder_version=\"4.4.5\" background_color=\"#e3e3e3\" custom_padding=\"0px||0px||false|false\"][et_pb_row _builder_version=\"4.4.5\"][et_pb_column type=\"4_4\" _builder_version=\"4.4.5\"][et_pb_text admin_label=\"- Sobre Nosotros -\" _builder_version=\"4.4.5\"]<h2 style=\"text-align: center;\"><strong><span style=\"font-family: alegreya-sans-sc;\">- Sobre Nosotros -<\/span><\/strong><\/h2>[\/et_pb_text][\/et_pb_column][\/et_pb_row][\/et_pb_section][et_pb_section fb_built=\"1\" module_id=\"quienes-somos\" _builder_version=\"4.4.5\" background_enable_image=\"off\" parallax=\"on\"][et_pb_row module_id=\"caja-boton\" _builder_version=\"4.4.5\"][et_pb_column type=\"4_4\" _builder_version=\"4.4.5\"][et_pb_button button_url=\"http:\/\/artretail.com\/quienes-somos\/\" button_text=\"Qui\u00e9nes Somos y C\u00f3mo Trabajamos\" button_alignment=\"center\" admin_label=\"Qui\u00e9nes Somos y C\u00f3mo Trabajamos\" _builder_version=\"4.4.5\" custom_button=\"on\" button_text_color=\"#1d2028\" button_border_width=\"1px\" button_border_color=\"#1d2028\" button_border_radius=\"0px\" button_font=\"Alegreya SC||||||||\" button_use_icon=\"off\" custom_padding=\"26px|26px|26px|26px|false|false\" custom_css_main_element=\"background-color: rgba(255, 255, 255, 0.7) !important;||font-size: 18px !important;||text-align: center !important;||font-style: normal !important;||font-weight: normal !important;||line-height: 1em !important;||box-sizing: border-box !important;\" button_bg_color__hover_enabled=\"on|hover\" button_bg_color__hover=\"#ffffff\" button_bg_enable_color__hover=\"on\"][\/et_pb_button][\/et_pb_column][\/et_pb_row][et_pb_row _builder_version=\"4.4.5\"][et_pb_column type=\"4_4\" _builder_version=\"4.4.5\"][et_pb_text admin_label=\"Espacio en blanco\" _builder_version=\"4.4.5\"]<p>\u00a0<\/p>\r\n<p>\u00a0<\/p>\r\n<p>\u00a0<\/p>\r\n<p>\u00a0<\/p>\r\n<p>\u00a0<\/p>\r\n<p>\u00a0<\/p>\r\n<p>\u00a0<\/p>\r\n<p>\u00a0<\/p>\r\n<p>\u00a0<\/p>[\/et_pb_text][\/et_pb_column][\/et_pb_row][\/et_pb_section][et_pb_section fb_built=\"1\" _builder_version=\"4.4.5\" background_color=\"#d6d6d6\" custom_padding=\"0px||0px||false|false\" hover_enabled=\"0\" module_id=\"contacto\"][et_pb_row _builder_version=\"4.4.5\"][et_pb_column type=\"4_4\" _builder_version=\"4.4.5\"][et_pb_text admin_label=\"- Contacto -\" _builder_version=\"4.4.5\"]<h2 style=\"text-align: center;\"><strong><span style=\"font-family: alegreya-sans-sc;\">- Contacto -<\/span><\/strong><\/h2>[\/et_pb_text][\/et_pb_column][\/et_pb_row][\/et_pb_section][et_pb_section fb_built=\"1\" module_id=\"hablamos\" _builder_version=\"4.4.5\" background_enable_image=\"off\" parallax=\"on\"][et_pb_row module_id=\"caja-boton\" _builder_version=\"4.4.5\"][et_pb_column type=\"4_4\" _builder_version=\"4.4.5\"][et_pb_button button_url=\"http:\/\/artretail.com\/contacto\/\" button_text=\"\u00bfHablamos de tu proyecto?\" button_alignment=\"center\" admin_label=\"\u00bfHablamos de tu proyecto?\" _builder_version=\"4.4.5\" custom_button=\"on\" button_text_color=\"#1d2028\" button_border_width=\"1px\" button_border_color=\"#1d2028\" button_border_radius=\"0px\" button_font=\"Alegreya SC||||||||\" button_use_icon=\"off\" custom_padding=\"26px|26px|26px|26px|false|false\" custom_css_main_element=\"background-color: rgba(255, 255, 255, 0.7) !important;||font-size: 18px !important;||text-align: center !important;||font-style: normal !important;||font-weight: normal !important;||line-height: 1em !important;||box-sizing: border-box !important;\" button_bg_color__hover_enabled=\"on|hover\" button_bg_color__hover=\"#ffffff\" button_bg_enable_color__hover=\"on\"][\/et_pb_button][\/et_pb_column][\/et_pb_row][et_pb_row _builder_version=\"4.4.5\"][et_pb_column type=\"4_4\" _builder_version=\"4.4.5\"][et_pb_text admin_label=\"Espacio en blanco\" _builder_version=\"4.4.5\"]<p>\u00a0<\/p>\r\n<p>\u00a0<\/p>\r\n<p>\u00a0<\/p>\r\n<p>\u00a0<\/p>\r\n<p>\u00a0<\/p>\r\n<p>\u00a0<\/p>\r\n<p>\u00a0<\/p>\r\n<p>\u00a0<\/p>\r\n<p>\u00a0<\/p>[\/et_pb_text][\/et_pb_column][\/et_pb_row][\/et_pb_section]","_et_gb_content_width":"","footnotes":""},"class_list":["post-1500","page","type-page","status-publish","hentry"],"_links":{"self":[{"href":"https:\/\/artretail.com\/fr\/wp-json\/wp\/v2\/pages\/1500","targetHints":{"allow":["GET"]}}],"collection":[{"href":"https:\/\/artretail.com\/fr\/wp-json\/wp\/v2\/pages"}],"about":[{"href":"https:\/\/artretail.com\/fr\/wp-json\/wp\/v2\/types\/page"}],"author":[{"embeddable":true,"href":"https:\/\/artretail.com\/fr\/wp-json\/wp\/v2\/users\/1"}],"replies":[{"embeddable":true,"href":"https:\/\/artretail.com\/fr\/wp-json\/wp\/v2\/comments?post=1500"}],"version-history":[{"count":5,"href":"https:\/\/artretail.com\/fr\/wp-json\/wp\/v2\/pages\/1500\/revisions"}],"predecessor-version":[{"id":1507,"href":"https:\/\/artretail.com\/fr\/wp-json\/wp\/v2\/pages\/1500\/revisions\/1507"}],"wp:attachment":[{"href":"https:\/\/artretail.com\/fr\/wp-json\/wp\/v2\/media?parent=1500"}],"curies":[{"name":"wp","href":"https:\/\/api.w.org\/{rel}","templated":true}]}}