{"id":1509,"date":"2020-05-26T14:53:54","date_gmt":"2020-05-26T14:53:54","guid":{"rendered":"http:\/\/artretail.com\/?page_id=1509"},"modified":"2020-05-26T16:25:00","modified_gmt":"2020-05-26T16:25:00","slug":"artretail-2","status":"publish","type":"page","link":"https:\/\/artretail.com\/fr\/artretail-2\/","title":{"rendered":"ARTRETAIL"},"content":{"rendered":"<p>[et_pb_section fb_built=\u00a0\u00bb1&Prime; _builder_version=\u00a0\u00bb4.4.5&Prime;][et_pb_row _builder_version=\u00a0\u00bb4.4.5&Prime;][et_pb_column type=\u00a0\u00bb4_4&Prime; _builder_version=\u00a0\u00bb4.4.5&Prime;][et_pb_text admin_label=\u00a0\u00bbARTRETAIL\u00a0\u00bb _builder_version=\u00a0\u00bb4.4.5&Prime;]<\/p>\n<h1 style=\"text-align: center;\"><strong><span style=\"font-family: alegreya-sans-sc;\">ARTRETAIL<\/span><\/strong><\/h1>\n<div class=\"eds-animate edsanimate-sis-hidden \" data-eds-entry-animation=\"slideInLeft\" data-eds-entry-delay=\"0\" data-eds-entry-duration=\"2\" data-eds-entry-timing=\"ease\" data-eds-exit-animation=\"\" data-eds-exit-delay=\"\" data-eds-exit-duration=\"\" data-eds-exit-timing=\"\" data-eds-repeat-count=\"1\" data-eds-keep=\"yes\" data-eds-animate-on=\"load\" data-eds-scroll-offset=\"\">\n<p style=\"text-align: justify;\"><span style=\"font-family: alegreya-sans-sc; font-size: 12pt;\">ArtReTail est une entreprise sp\u00e9cialis\u00e9e en architecture et design d\u2019int\u00e9rieur ainsi que dans la r\u00e9alisation int\u00e9grale clef en main de projets de construction,<br \/>r\u00e9novation et restauration d\u2019espaces commerciaux et r\u00e9sidentiels. En \u00e9troite collaboration avec un important r\u00e9seau d\u2019architectes, ing\u00e9nieurs et artisans, notre \u00e9quipe travaille dans l\u2019objectif de garantir un service global personnalis\u00e9 de grande qualit\u00e9. Nous collaborons avec les retailers et entreprises nationales et internationales qui d\u00e9sirent cr\u00e9er, r\u00e9habiliter ou agencer des espaces sur l\u2019ensemble du territoire europ\u00e9en aussi bien dans le secteur professionnel et commercial que r\u00e9sidentiel.<\/span><\/div><\/p>\n<p>[\/et_pb_text][et_pb_image src=\u00a0\u00bbhttp:\/\/artretail.com\/wp-content\/uploads\/2020\/05\/Art-Reatail-Quienes-somos.jpg\u00a0\u00bb title_text=\u00a0\u00bbArt-Reatail-Quienes-somos\u00a0\u00bb _builder_version=\u00a0\u00bb4.4.5&Prime;][\/et_pb_image][\/et_pb_column][\/et_pb_row][et_pb_row column_structure=\u00a0\u00bb1_2,1_2&Prime; _builder_version=\u00a0\u00bb4.4.5&Prime;][et_pb_column type=\u00a0\u00bb1_2&Prime; _builder_version=\u00a0\u00bb4.4.5&Prime;][et_pb_text admin_label=\u00a0\u00bbExp\u00e9rience\u00a0\u00bb _builder_version=\u00a0\u00bb4.4.5&Prime;]<\/p>\n<hr \/>\n<h2 style=\"text-align: left;\"><span style=\"font-family: alegreya-sans-sc;\">Exp\u00e9rience<\/span><\/h2>\n<p style=\"text-align: justify;\"><span style=\"font-family: alegreya-sans-sc; font-size: 12pt;\">Notre exp\u00e9rience de plus de 20 ans en architecture d\u2019int\u00e9rieur et r\u00e9alisation de projets de construction et d\u2019agencement vou\u00e9s au secteur du retail et aux<br \/>\nmarques de luxe nationales comme internationales constitue la garantie d\u2019une r\u00e9alisation de projets de grande qualit\u00e9 et l\u2019assurance de notre capacit\u00e9 \u00e0 g\u00e9rer \u00e0 tout moment avec rapidit\u00e9 le moindre impr\u00e9vu relatif aux chantiers, aussi bien dans le domaine technique qu\u2019administratif, et cela sur l\u2019ensemble du territoire europ\u00e9en.<\/span><\/p>\n<p>[\/et_pb_text][\/et_pb_column][et_pb_column type=\u00a0\u00bb1_2&Prime; _builder_version=\u00a0\u00bb4.4.5&Prime;][et_pb_text admin_label=\u00a0\u00bbFilosof\u00eda\u00a0\u00bb _builder_version=\u00a0\u00bb4.4.5&Prime;]<\/p>\n<hr \/>\n<h2 style=\"text-align: left;\"><span style=\"font-family: alegreya-sans-sc;\">Philosophie<\/span><\/h2>\n<p style=\"text-align: justify;\"><span style=\"font-family: alegreya-sans-sc; font-size: 12pt;\">C\u2019est en respectant les besoins et l\u2019identit\u00e9 du client ou de la marque que nous cr\u00e9ons des espaces exclusifs et personnalis\u00e9s. La constante recherche de nouveaux mat\u00e9riaux, de nouvelles techniques constructives qui s\u2019inscrivent dans le cadre des protocoles de s\u00e9curit\u00e9 et d\u2019\u00e9conomie \u00e9nerg\u00e9tique et l\u2019attention particuli\u00e8res que nous portons aux d\u00e9tails et aux finitions constituent des \u00e9l\u00e9ments fondamentaux qui<br \/>\npermettent la correcte r\u00e9alisation des projets d\u2019espaces commerciaux, professionnels et r\u00e9sidentiels.<\/span><br \/><span style=\"font-family: alegreya-sans-sc; font-size: 12pt;\">Notre objectif est de proposer la cr\u00e9ation d\u2019espaces exclusifs, \u00e9co-durables, avec des finitions de grande qualit\u00e9 en accord avec les crit\u00e8res du lient.<\/span><\/p>\n<p style=\"text-align: justify;\"><span style=\"font-family: alegreya-sans-sc; font-size: 12pt;\"><em>ArtReTail donne forme aux id\u00e9es, aux concepts, aux projets pour les convertir en r\u00e9alit\u00e9. <\/em><\/span><\/p>\n<p>[\/et_pb_text][\/et_pb_column][\/et_pb_row][et_pb_row _builder_version=\u00a0\u00bb4.4.5&Prime;][et_pb_column type=\u00a0\u00bb4_4&Prime; _builder_version=\u00a0\u00bb4.4.5&Prime;][et_pb_image src=\u00a0\u00bbhttp:\/\/artretail.com\/wp-content\/uploads\/2020\/05\/Artretail-clients-02.jpg\u00a0\u00bb title_text=\u00a0\u00bbArtretail-clients-02&Prime; _builder_version=\u00a0\u00bb4.4.5&Prime;][\/et_pb_image][\/et_pb_column][\/et_pb_row][\/et_pb_section]<\/p>\n","protected":false},"excerpt":{"rendered":"<p>ARTRETAIL <div class=\"eds-animate edsanimate-sis-hidden \" data-eds-entry-animation=\"slideInLeft\" data-eds-entry-delay=\"0\" data-eds-entry-duration=\"2\" data-eds-entry-timing=\"ease\" data-eds-exit-animation=\"\" data-eds-exit-delay=\"\" data-eds-exit-duration=\"\" data-eds-exit-timing=\"\" data-eds-repeat-count=\"1\" data-eds-keep=\"yes\" data-eds-animate-on=\"load\" data-eds-scroll-offset=\"\"> ArtReTail est une entreprise sp\u00e9cialis\u00e9e en architecture et design d\u2019int\u00e9rieur ainsi que dans la r\u00e9alisation int\u00e9grale clef en main de projets de construction,r\u00e9novation et restauration d\u2019espaces commerciaux [&hellip;]<\/p>\n","protected":false},"author":1,"featured_media":0,"parent":0,"menu_order":0,"comment_status":"closed","ping_status":"closed","template":"","meta":{"_et_pb_use_builder":"on","_et_pb_old_content":"[et_pb_section fb_built=\"1\" _builder_version=\"4.4.5\"][et_pb_row _builder_version=\"4.4.5\"][et_pb_column type=\"4_4\" _builder_version=\"4.4.5\"][et_pb_text admin_label=\"Qui\u00e9nes Somos\" _builder_version=\"4.4.5\"]<h1 style=\"text-align: center;\"><strong><span style=\"font-family: alegreya-sans-sc;\">Qui\u00e9nes Somos<\/span><\/strong><\/h1>\r\n<p>[edsanimate_start entry_animation_type= \"slideInLeft\" entry_delay= \"0\" entry_duration= \"2\" entry_timing= \"ease\" exit_animation_type= \"\" exit_delay= \"\" exit_duration= \"\" exit_timing= \"\" animation_repeat= \"1\" keep= \"yes\" animate_on= \"load\" scroll_offset= \"\" custom_css_class= \"\"]<\/p>\r\n<p style=\"text-align: justify;\"><span style=\"font-family: alegreya-sans-sc; font-size: 12pt;\">Somos una empresa especializada en el dise\u00f1o y la realizaci\u00f3n integral, \u201cllave en mano\u201d, de proyectos de construcci\u00f3n, reformas y rehabilitaci\u00f3n de espacios comerciales y residenciales. En colaboraci\u00f3n con una red de arquitectos, ingenieros y artesanos, trabajamos para garantizar un servicio global y personalizado de calidad. Atendemos a retailers y empresas internacionales que quieran construir, rehabilitar u organizar espacios en cualquier parte de Europa tanto en el sector profesional como residencial.<\/span>[edsanimate_end]<\/p>[\/et_pb_text][et_pb_image src=\"http:\/\/artretail.com\/wp-content\/uploads\/2020\/05\/Art-Reatail-Quienes-somos.jpg\" title_text=\"Art-Reatail-Quienes-somos\" _builder_version=\"4.4.5\"][\/et_pb_image][\/et_pb_column][\/et_pb_row][et_pb_row column_structure=\"1_2,1_2\" _builder_version=\"4.4.5\"][et_pb_column type=\"1_2\" _builder_version=\"4.4.5\"][et_pb_text admin_label=\"Experiencia\" _builder_version=\"4.4.5\"]<hr \/>\r\n<h2 style=\"text-align: left;\"><span style=\"font-family: alegreya-sans-sc;\">Experiencia<\/span><\/h2>\r\n<p style=\"text-align: justify;\"><span style=\"font-family: alegreya-sans-sc; font-size: 12pt;\">Nuestra experiencia de m\u00e1s de 20 a\u00f1os en arquitectura, interiorismo y ejecuci\u00f3n de obras enfocada en los sectores del retail y marcas de lujo locales e internacionales constituye la garant\u00eda de una ejecuci\u00f3n de proyectos en total seguridad con la m\u00e1xima calidad en un tiempo m\u00ednimo y avala nuestra capacidad en gestionar con rapidez cualquier tema relativo a proyectos y obras, tanto a nivel t\u00e9cnico como administrativo, en toda la uni\u00f3n europea.<\/span><\/p>[\/et_pb_text][\/et_pb_column][et_pb_column type=\"1_2\" _builder_version=\"4.4.5\"][et_pb_text admin_label=\"Filosof\u00eda\" _builder_version=\"4.4.5\"]<hr \/>\r\n<h2 style=\"text-align: left;\"><span style=\"font-family: alegreya-sans-sc;\">Filosof\u00eda<\/span><\/h2>\r\n<p style=\"text-align: justify;\"><span style=\"font-family: alegreya-sans-sc; font-size: 12pt;\">Respetando las necesidades y la identidad del cliente creamos un espacio personalizado.<\/span><br \/><span style=\"font-family: alegreya-sans-sc; font-size: 12pt;\"> La constante b\u00fasqueda de nuevos materiales, t\u00e9cnicas, acabados de lujo y la atenci\u00f3n particular al detalle en acuerdo con los protocolos de seguridad y ahorros energ\u00e9ticos constituyen los elementos fundamentales para la correcta realizaci\u00f3n de locales comerciales, profesionales y residencias.<\/span><br \/><span style=\"font-family: alegreya-sans-sc; font-size: 12pt;\"> Nuestro prop\u00f3sito se halla en proponer espacios exclusivos, ecosostenibles, con acabados de calidad y c\u00f3modos que se adecuan a los requisitos del cliente.<\/span><\/p>\r\n<p style=\"text-align: justify;\"><span style=\"font-family: alegreya-sans-sc; font-size: 12pt;\"><em>ArtReTail hace que sus ideas adquieran forma, que los conceptos y proyectos se conviertan en realidad.<\/em><\/span><\/p>[\/et_pb_text][\/et_pb_column][\/et_pb_row][et_pb_row _builder_version=\"4.4.5\"][et_pb_column type=\"4_4\" _builder_version=\"4.4.5\"][et_pb_image src=\"http:\/\/artretail.com\/wp-content\/uploads\/2020\/05\/Artretail-clients-02.jpg\" title_text=\"Artretail-clients-02\" _builder_version=\"4.4.5\"][\/et_pb_image][\/et_pb_column][\/et_pb_row][\/et_pb_section]","_et_gb_content_width":"","footnotes":""},"class_list":["post-1509","page","type-page","status-publish","hentry"],"_links":{"self":[{"href":"https:\/\/artretail.com\/fr\/wp-json\/wp\/v2\/pages\/1509","targetHints":{"allow":["GET"]}}],"collection":[{"href":"https:\/\/artretail.com\/fr\/wp-json\/wp\/v2\/pages"}],"about":[{"href":"https:\/\/artretail.com\/fr\/wp-json\/wp\/v2\/types\/page"}],"author":[{"embeddable":true,"href":"https:\/\/artretail.com\/fr\/wp-json\/wp\/v2\/users\/1"}],"replies":[{"embeddable":true,"href":"https:\/\/artretail.com\/fr\/wp-json\/wp\/v2\/comments?post=1509"}],"version-history":[{"count":6,"href":"https:\/\/artretail.com\/fr\/wp-json\/wp\/v2\/pages\/1509\/revisions"}],"predecessor-version":[{"id":1575,"href":"https:\/\/artretail.com\/fr\/wp-json\/wp\/v2\/pages\/1509\/revisions\/1575"}],"wp:attachment":[{"href":"https:\/\/artretail.com\/fr\/wp-json\/wp\/v2\/media?parent=1509"}],"curies":[{"name":"wp","href":"https:\/\/api.w.org\/{rel}","templated":true}]}}