{"id":1539,"date":"2020-05-26T16:01:49","date_gmt":"2020-05-26T16:01:49","guid":{"rendered":"http:\/\/artretail.com\/?page_id=1539"},"modified":"2020-05-26T16:02:32","modified_gmt":"2020-05-26T16:02:32","slug":"projects-realisations","status":"publish","type":"page","link":"https:\/\/artretail.com\/fr\/projects-realisations\/","title":{"rendered":"PROJECTS \/ R\u00c9ALISATIONS"},"content":{"rendered":"<p>[et_pb_section fb_built=\u00a0\u00bb1&Prime; make_equal=\u00a0\u00bbon\u00a0\u00bb specialty=\u00a0\u00bbon\u00a0\u00bb _builder_version=\u00a0\u00bb4.4.5&Prime; width=\u00a0\u00bb100%\u00a0\u00bb max_width=\u00a0\u00bb100%\u00a0\u00bb][et_pb_column type=\u00a0\u00bb2_3&Prime; specialty_columns=\u00a0\u00bb2&Prime; _builder_version=\u00a0\u00bb3.25&Prime; custom_padding=\u00a0\u00bb|||\u00a0\u00bb custom_padding__hover=\u00a0\u00bb|||\u00a0\u00bb][et_pb_row_inner column_structure=\u00a0\u00bb1_2,1_2&Prime; make_equal=\u00a0\u00bbon\u00a0\u00bb _builder_version=\u00a0\u00bb4.4.5&Prime; max_width=\u00a0\u00bb100%\u00a0\u00bb][et_pb_column_inner type=\u00a0\u00bb1_2&Prime; saved_specialty_column_type=\u00a0\u00bb2_3&Prime; _builder_version=\u00a0\u00bb4.4.5&Prime;][et_pb_text admin_label=\u00a0\u00bbProjects \/ R\u00e9alisations\u00a0\u00bb _builder_version=\u00a0\u00bb4.4.5&Prime;]<\/p>\n<h1><strong><span style=\"font-family: alegreya-sans-sc;\">Projects \/ R\u00e9alisations<\/span><\/strong><\/h1>\n<p><span style=\"font-size: 12pt; font-family: alegreya-sans-sc; font-style: normal; font-weight: 100;\">Nous collaborons avec les retailers et entreprises nationales et internationales qui d\u00e9sirent cr\u00e9er, r\u00e9habiliter ou agencer des espaces sur l\u2019ensemble du territoire europ\u00e9en aussi bien dans le secteur professionnel et commercial que r\u00e9sidentiel.<\/span>[\/et_pb_text][et_pb_text admin_label=\u00a0\u00bbImagen casa\u00a0\u00bb _builder_version=\u00a0\u00bb4.4.5&Prime;]<\/p>\n<p><img loading=\"lazy\" decoding=\"async\" class=\"alignleft wp-image-129 size-full\" src=\"http:\/\/artretail.com\/wp-content\/uploads\/2020\/05\/Portfolio-intro-pic.jpg\" alt=\"\" width=\"1000\" height=\"1057\" srcset=\"http:\/\/artretail.com\/wp-content\/uploads\/2020\/05\/Portfolio-intro-pic.jpg 1000w, http:\/\/artretail.com\/wp-content\/uploads\/2020\/05\/Portfolio-intro-pic-980x1036.jpg 980w, http:\/\/artretail.com\/wp-content\/uploads\/2020\/05\/Portfolio-intro-pic-480x507.jpg 480w\" sizes=\"(min-width: 0px) and (max-width: 480px) 480px, (min-width: 481px) and (max-width: 980px) 980px, (min-width: 981px) 1000px, 100vw\" \/><\/p>\n<p>[\/et_pb_text][\/et_pb_column_inner][et_pb_column_inner type=\u00a0\u00bb1_2&Prime; saved_specialty_column_type=\u00a0\u00bb2_3&Prime; _builder_version=\u00a0\u00bb4.4.5&Prime;][et_pb_text admin_label=\u00a0\u00bbImagen flecha\u00a0\u00bb _builder_version=\u00a0\u00bb4.4.5&Prime;]<\/p>\n<p><img loading=\"lazy\" decoding=\"async\" class=\"alignnone wp-image-130 size-medium\" src=\"http:\/\/artretail.com\/wp-content\/uploads\/2020\/05\/Arrow-156x300.jpg\" alt=\"\" width=\"156\" height=\"300\" srcset=\"https:\/\/artretail.com\/wp-content\/uploads\/2020\/05\/Arrow-156x300.jpg 156w, https:\/\/artretail.com\/wp-content\/uploads\/2020\/05\/Arrow.jpg 307w\" sizes=\"(max-width: 156px) 100vw, 156px\" \/><\/p>\n<p>[\/et_pb_text][\/et_pb_column_inner][\/et_pb_row_inner][\/et_pb_column][et_pb_column type=\u00a0\u00bb1_3&Prime; _builder_version=\u00a0\u00bb3.25&Prime; custom_padding=\u00a0\u00bb|||\u00a0\u00bb custom_padding__hover=\u00a0\u00bb|||\u00a0\u00bb][et_pb_sidebar _builder_version=\u00a0\u00bb4.4.5&Prime;][\/et_pb_sidebar][\/et_pb_column][\/et_pb_section]<\/p>\n","protected":false},"excerpt":{"rendered":"<p>Projects \/ R\u00e9alisations Nous collaborons avec les retailers et entreprises nationales et internationales qui d\u00e9sirent cr\u00e9er, r\u00e9habiliter ou agencer des espaces sur l\u2019ensemble du territoire europ\u00e9en aussi bien dans le secteur professionnel et commercial que r\u00e9sidentiel.<\/p>\n","protected":false},"author":1,"featured_media":0,"parent":0,"menu_order":0,"comment_status":"closed","ping_status":"closed","template":"","meta":{"_et_pb_use_builder":"on","_et_pb_old_content":"[et_pb_section fb_built=\"1\" make_equal=\"on\" specialty=\"on\" _builder_version=\"4.4.5\" width=\"100%\" max_width=\"100%\" hover_enabled=\"0\"][et_pb_column type=\"2_3\" specialty_columns=\"2\" _builder_version=\"3.25\" custom_padding=\"|||\" custom_padding__hover=\"|||\"][et_pb_row_inner column_structure=\"1_2,1_2\" make_equal=\"on\" _builder_version=\"4.4.5\" max_width=\"100%\"][et_pb_column_inner type=\"1_2\" saved_specialty_column_type=\"2_3\" _builder_version=\"4.4.5\"][et_pb_text admin_label=\"Portfolio\" _builder_version=\"4.4.5\"]<h1><strong><span style=\"font-family: alegreya-sans-sc;\">Portfolio<\/span><\/strong><\/h1>\r\n<p><span style=\"font-size: 12pt; font-family: alegreya-sans-sc; font-style: normal; font-weight: 100;\">Atendemos a retailers y empresas internacionales que quieran construir, rehabilitar u organizar espacios en cualquier parte de Europa tanto en el sector profesional como residencial.<\/span><\/p>[\/et_pb_text][et_pb_text admin_label=\"Imagen casa\" _builder_version=\"4.4.5\"]<p><img class=\"alignleft wp-image-129 size-full\" src=\"http:\/\/artretail.com\/wp-content\/uploads\/2020\/05\/Portfolio-intro-pic.jpg\" alt=\"\" width=\"1000\" height=\"1057\" \/><\/p>[\/et_pb_text][\/et_pb_column_inner][et_pb_column_inner type=\"1_2\" saved_specialty_column_type=\"2_3\" _builder_version=\"4.4.5\"][et_pb_text admin_label=\"Imagen flecha\" _builder_version=\"4.4.5\"]<p><img class=\"alignnone wp-image-130 size-medium\" src=\"http:\/\/artretail.com\/wp-content\/uploads\/2020\/05\/Arrow-156x300.jpg\" alt=\"\" width=\"156\" height=\"300\" \/><\/p>[\/et_pb_text][\/et_pb_column_inner][\/et_pb_row_inner][\/et_pb_column][et_pb_column type=\"1_3\" _builder_version=\"3.25\" custom_padding=\"|||\" custom_padding__hover=\"|||\"][et_pb_sidebar _builder_version=\"4.4.5\"][\/et_pb_sidebar][\/et_pb_column][\/et_pb_section]","_et_gb_content_width":"","footnotes":""},"class_list":["post-1539","page","type-page","status-publish","hentry"],"_links":{"self":[{"href":"https:\/\/artretail.com\/fr\/wp-json\/wp\/v2\/pages\/1539","targetHints":{"allow":["GET"]}}],"collection":[{"href":"https:\/\/artretail.com\/fr\/wp-json\/wp\/v2\/pages"}],"about":[{"href":"https:\/\/artretail.com\/fr\/wp-json\/wp\/v2\/types\/page"}],"author":[{"embeddable":true,"href":"https:\/\/artretail.com\/fr\/wp-json\/wp\/v2\/users\/1"}],"replies":[{"embeddable":true,"href":"https:\/\/artretail.com\/fr\/wp-json\/wp\/v2\/comments?post=1539"}],"version-history":[{"count":6,"href":"https:\/\/artretail.com\/fr\/wp-json\/wp\/v2\/pages\/1539\/revisions"}],"predecessor-version":[{"id":1547,"href":"https:\/\/artretail.com\/fr\/wp-json\/wp\/v2\/pages\/1539\/revisions\/1547"}],"wp:attachment":[{"href":"https:\/\/artretail.com\/fr\/wp-json\/wp\/v2\/media?parent=1539"}],"curies":[{"name":"wp","href":"https:\/\/api.w.org\/{rel}","templated":true}]}}